{"id":139537,"date":"2025-01-07T10:18:49","date_gmt":"2025-01-07T09:18:49","guid":{"rendered":"https:\/\/shop4trac.com\/unkategorisiert\/filterkit-solis-16-solis-22-s16-s22\/"},"modified":"2025-08-12T08:31:42","modified_gmt":"2025-08-12T06:31:42","slug":"filterkit-solis-16-solis-22-s16-s22","status":"publish","type":"product","link":"https:\/\/shop4trac.com\/de\/filter\/filter-satz\/filterkit-solis-16-solis-22-s16-s22\/","title":{"rendered":"Filterkit Solis 16 \u2013 Solis 22 | S16 \u2013 S22"},"content":{"rendered":"<p>Filterkit | Wartungsset passend f\u00fcr:<\/p>\n<p><strong>Solis<\/strong><\/p>\n<ul>\n<li>16, 22, S16, S22<\/li>\n<\/ul>\n<p>Bestehend aus:<\/p>\n<ul>\n<li>Luftfilter\n<ul>\n<li>Au\u00dfendurchmesser: 105 mm<\/li>\n<li>Innendurchmesser: 62 mm<\/li>\n<li>L\u00e4nge: 270 mm<\/li>\n<\/ul>\n<\/li>\n<li>Kraftstofffilter<\/li>\n<li>\u00d6lfilter<\/li>\n<\/ul>\n<p><strong>OEM als Referenz<\/strong><\/p>\n<ul>\n<li>703007058C \u2013 \u00d6lfilter<\/li>\n<li>10004802AB \u2013 Luftfilter<\/li>\n<li>Luftfilter \u2013 A1024<\/li>\n<\/ul>\n","protected":false},"excerpt":{"rendered":"<p>Filterkit | Wartungsset passend f\u00fcr: Solis 16, 22, S16, S22 Bestehend aus: Luftfilter Au\u00dfendurchmesser: 105 mm Innendurchmesser: 62 mm L\u00e4nge: 270 mm Kraftstofffilter \u00d6lfilter OEM als Referenz 703007058C \u2013 \u00d6lfilter 10004802AB \u2013 Luftfilter Luftfilter \u2013 A1024<\/p>\n","protected":false},"featured_media":139458,"comment_status":"open","ping_status":"open","template":"","meta":[],"product_cat":[382],"product_tag":[],"class_list":{"0":"post-139537","1":"product","2":"type-product","3":"status-publish","4":"has-post-thumbnail","6":"product_cat-filter-satz","7":"pa_merk-solis-de","9":"first","10":"onbackorder","11":"sale","12":"taxable","13":"shipping-taxable","14":"purchasable","15":"product-type-simple","16":"col-xs-6 col-sm-4","17":"col-md-3 col-lg-3","18":"un-4-cols"},"_links":{"self":[{"href":"https:\/\/shop4trac.com\/de\/wp-json\/wp\/v2\/product\/139537","targetHints":{"allow":["GET"]}}],"collection":[{"href":"https:\/\/shop4trac.com\/de\/wp-json\/wp\/v2\/product"}],"about":[{"href":"https:\/\/shop4trac.com\/de\/wp-json\/wp\/v2\/types\/product"}],"replies":[{"embeddable":true,"href":"https:\/\/shop4trac.com\/de\/wp-json\/wp\/v2\/comments?post=139537"}],"wp:featuredmedia":[{"embeddable":true,"href":"https:\/\/shop4trac.com\/de\/wp-json\/wp\/v2\/media\/139458"}],"wp:attachment":[{"href":"https:\/\/shop4trac.com\/de\/wp-json\/wp\/v2\/media?parent=139537"}],"wp:term":[{"taxonomy":"product_cat","embeddable":true,"href":"https:\/\/shop4trac.com\/de\/wp-json\/wp\/v2\/product_cat?post=139537"},{"taxonomy":"product_tag","embeddable":true,"href":"https:\/\/shop4trac.com\/de\/wp-json\/wp\/v2\/product_tag?post=139537"}],"curies":[{"name":"wp","href":"https:\/\/api.w.org\/{rel}","templated":true}]}}