{"id":130370,"date":"2024-10-02T09:57:32","date_gmt":"2024-10-02T08:57:32","guid":{"rendered":"https:\/\/shop4trac.com\/unkategorisiert\/ventilfeder-kubota-d1703-d1803-v2203-rotluchs-riese\/"},"modified":"2025-11-07T10:39:22","modified_gmt":"2025-11-07T08:39:22","slug":"ventilfeder-kubota-d1703-d1803-v2203-rotluchs-riese","status":"publish","type":"product","link":"https:\/\/shop4trac.com\/de\/motorteile\/ventilfeder\/ventilfeder-kubota-d1703-d1803-v2203-rotluchs-riese\/","title":{"rendered":"Ventilfeder Kubota D1703 | D1803 | V2203 Rotluchs | Riese"},"content":{"rendered":"<p>Diese Ventilfeder ist von <span style=\"text-decoration: underline\">hoher<\/span> Qualit\u00e4t und passend f\u00fcr unsere Zylinderk\u00f6pfe. <strong>Kubota-Motor<\/strong><\/p>\n<ul>\n<li>D1703, D1803, V2203, V3300, V3600<\/li>\n<\/ul>\n<p><strong>Kubota<\/strong><\/p>\n<ul>\n<li>L2501 HST, Kubota L2501, Kubota L3240 GST, Kubota L3240 HST, Kubota L3240, Kubota L3300 GST, Kubota L3300, Kubota L3400 HST, Kubota L3400, Kubota L3410 GST, Kubota L3410 HST, Kubota L3410, Kubota L3430, Kubota L35<\/li>\n<li>KX037-4, KX91-3S2, U35-3S2, U35-4, U36-4<\/li>\n<li>L1361, L3301HST, L3301, L3540, L3540 GST, L3540 HST, L3560 GST, L3560 HST, L3560, L3800, L3830, L3901 HST, L3901<\/li>\n<li>KX040-4, KX042-4, KX101-3a3, KX101-3a4 HI, KX101-3a4, U35-3a3, RT270-2, RT280-2<\/li>\n<\/ul>\n<p><strong>Bobcat<\/strong><\/p>\n<ul>\n<li>325C\/D<\/li>\n<li>Bobcat: -325 (G-Reihe), 328 (G-Reihe), E34<\/li>\n<li>E32, E35<\/li>\n<\/ul>\n<p><strong>Bomag<\/strong><\/p>\n<ul>\n<li>-BW-100AC-4, BW-100AC-5, BW-120AC-4, BW-120AC-5, BW-125AC-4, BW-100AD-4, BW-100AD-5, BW-100SL-5, BW-120AD-4, BW-120AD-5, BW-120SL-5, BW-125AD-4<\/li>\n<li>BW-100AC-5, BW-120AC-5, BW-100AD-5, BW-120AD-5<\/li>\n<\/ul>\n<p><strong>Eurocomach<\/strong><\/p>\n<ul>\n<li>ES 400ZT, ES 40ZT<\/li>\n<\/ul>\n<p><strong>Dynapac<\/strong><\/p>\n<ul>\n<li>-CC1100, CC1100 Plus, CC1100C, CC1200, CC1200 Plus, CC1200C<\/li>\n<\/ul>\n<p><strong>Riese<\/strong><\/p>\n<ul>\n<li>G2700 HD, G2700 X-TRA HD<\/li>\n<\/ul>\n<p><strong>Hitachi<\/strong><\/p>\n<ul>\n<li>ZW30<\/li>\n<\/ul>\n<p><strong>JCB<\/strong><\/p>\n<ul>\n<li>2T-FT, 2T-HS, 2T-ST, 3T-1FT, JCB 3T-1ST<\/li>\n<\/ul>\n<p><strong>Jungheinrich<\/strong><\/p>\n<ul>\n<li>DFG 316s, DFG 318s, DFG 320s, DFG 425s, DFG 430s, DFG 435s, DFG S30s, DFG S35s<\/li>\n<li>TFG 316s, TFG 318s, TFG 320s, TFG 425s, TFG 430s, TFG 435s, TFG S30s, TFG S35s<\/li>\n<\/ul>\n<p><strong>Sakai<\/strong><\/p>\n<ul>\n<li>SW300-1, SW320-1, SW330-1, SW354, TW354, TW504<\/li>\n<\/ul>\n<p><strong>Sch\u00e4ffer<\/strong><\/p>\n<ul>\n<li>Sch\u00e4ffer \u2013 2033S, 2034, 2434, 3036, 336, 336, 336S<\/li>\n<li>336S<\/li>\n<\/ul>\n<p><strong>Wacker Neuson<\/strong><\/p>\n<ul>\n<li>3003, 3503, 3703<\/li>\n<\/ul>\n<p><strong>OEM als Referenz<\/strong><\/p>\n<ul>\n<li>15221-13240, 15221-1324-0<\/li>\n<\/ul>\n","protected":false},"excerpt":{"rendered":"<p>Diese Ventilfeder ist von hoher Qualit\u00e4t und passend f\u00fcr unsere Zylinderk\u00f6pfe. Kubota-Motor D1703, D1803, V2203, V3300, V3600 Kubota L2501 HST, Kubota L2501, Kubota L3240 GST, Kubota L3240 HST, Kubota L3240, Kubota L3300 GST, Kubota L3300, Kubota L3400 HST, Kubota L3400, Kubota L3410 GST, Kubota L3410 HST, Kubota L3410, Kubota L3430, Kubota L35 KX037-4, KX91-3S2, U35-3S2,&hellip;<\/p>\n","protected":false},"featured_media":130363,"comment_status":"open","ping_status":"open","template":"","meta":[],"product_cat":[21799],"product_tag":[2726,27490,26492,26493],"class_list":{"0":"post-130370","1":"product","2":"type-product","3":"status-publish","4":"has-post-thumbnail","6":"product_cat-ventilfeder","7":"product_tag-d1703-de","8":"product_tag-rotluchs","9":"product_tag-ventilfeder","10":"product_tag-ventilfeder-kubota","11":"pa_merk-bobcat-de","12":"pa_merk-giant-de","13":"pa_merk-hitachi-de","14":"pa_merk-jcb-de","15":"pa_merk-kubota-de","16":"pa_merk-schaffer-de","18":"first","19":"instock","20":"sale","21":"taxable","22":"shipping-taxable","23":"purchasable","24":"product-type-simple","25":"col-xs-6 col-sm-4","26":"col-md-3 col-lg-3","27":"un-4-cols"},"_links":{"self":[{"href":"https:\/\/shop4trac.com\/de\/wp-json\/wp\/v2\/product\/130370","targetHints":{"allow":["GET"]}}],"collection":[{"href":"https:\/\/shop4trac.com\/de\/wp-json\/wp\/v2\/product"}],"about":[{"href":"https:\/\/shop4trac.com\/de\/wp-json\/wp\/v2\/types\/product"}],"replies":[{"embeddable":true,"href":"https:\/\/shop4trac.com\/de\/wp-json\/wp\/v2\/comments?post=130370"}],"wp:featuredmedia":[{"embeddable":true,"href":"https:\/\/shop4trac.com\/de\/wp-json\/wp\/v2\/media\/130363"}],"wp:attachment":[{"href":"https:\/\/shop4trac.com\/de\/wp-json\/wp\/v2\/media?parent=130370"}],"wp:term":[{"taxonomy":"product_cat","embeddable":true,"href":"https:\/\/shop4trac.com\/de\/wp-json\/wp\/v2\/product_cat?post=130370"},{"taxonomy":"product_tag","embeddable":true,"href":"https:\/\/shop4trac.com\/de\/wp-json\/wp\/v2\/product_tag?post=130370"}],"curies":[{"name":"wp","href":"https:\/\/api.w.org\/{rel}","templated":true}]}}