{"id":129509,"date":"2024-09-25T17:45:35","date_gmt":"2024-09-25T16:45:35","guid":{"rendered":"https:\/\/shop4trac.com\/unkategorisiert\/einspritzduese-iseki-sxg-txg-tm-tle-dn0pd620\/"},"modified":"2026-02-27T21:33:12","modified_gmt":"2026-02-27T20:33:12","slug":"einspritzduese-iseki-sxg-txg-tm-tle-dn0pd620","status":"publish","type":"product","link":"https:\/\/shop4trac.com\/de\/motorteile\/einspritzduse\/einspritzduese-iseki-sxg-txg-tm-tle-dn0pd620\/","title":{"rendered":"Einspritzd\u00fcsen-D\u00fcse Iseki SXG19 \u2013 SXG326 | TXG23 \u2013 TXG237 | TM223 \u2013 TM3247 | TLE3400 | DN0PD620"},"content":{"rendered":"<p data-path-to-node=\"0\"><b data-path-to-node=\"3\" data-index-in-node=\"3\">Exklusiv aus eigener Produktion:<\/b> eine hochwertige Einspritzd\u00fcsen-D\u00fcse, die strengsten Toleranzen entspricht. Diese \u201e<strong>Snelparts<\/strong>\u201c-Einspritzd\u00fcse wurde als \u00fcberlegene Alternative zu Standard-Aftermarket-Teilen entwickelt. <\/p>\n<p data-path-to-node=\"4\">Wir garantieren ein perfektes Spr\u00fchbild und eine exakte Abdichtung, was zu einem ruhiger laufenden Motor und einer saubereren Verbrennung f\u00fchrt.<\/p>\n<p data-path-to-node=\"5\"><b data-path-to-node=\"5\" data-index-in-node=\"0\">Rat aus Erfahrung:<\/b> Setz nicht auf billigere Alternativen. Es wurde umfassende Forschung in OEM-Qualit\u00e4t betrieben, wie bei bekannten Marken dieser Branche!<\/p>\n<div>\n<p><strong>Lieferung inklusive komplettem Dichtungssatz f\u00fcr die direkte Montage!<\/strong> Wir liefern diese D\u00fcse standardm\u00e4\u00dfig mit allen ben\u00f6tigten neuen Kupferringen. So kannst du direkt sicher und leckfrei loslegen. Das mitgelieferte Set besteht aus:  <\/p>\n<\/div>\n<ul>\n<li>Ein neues <strong>Hitzeschutzschild<\/strong> (Flammscheibe) gegen extreme Hitze und Ru\u00dfbildung.<\/li>\n<li>Eine kupferne <strong>Dichtung f\u00fcr die Einspritzd\u00fcse<\/strong> f\u00fcr 100 % Kompressionserhalt.<\/li>\n<li>Eine <strong>R\u00fccklaufleitungsdichtung<\/strong>, um Kraftstoffleckagen zu vermeiden.<\/li>\n<\/ul>\n<p data-path-to-node=\"6\"><b data-path-to-node=\"6\" data-index-in-node=\"0\">Technische Spezifikationen<\/b><\/p>\n<ul data-path-to-node=\"7\">\n<li>\n<p data-path-to-node=\"7,0,0\"><b data-path-to-node=\"7,0,0\" data-index-in-node=\"0\">\u00d6ffnungsdruck:<\/b> ca. 140 Bar (13,7 MPa)<\/p>\n<\/li>\n<li>\n<p data-path-to-node=\"7,1,0\"><b data-path-to-node=\"7,1,0\" data-index-in-node=\"0\">Anzugsdrehmoment:<\/b> 35 \u2013 45 Nm<\/p>\n<\/li>\n<\/ul>\n<p data-path-to-node=\"8\"><b data-path-to-node=\"8\" data-index-in-node=\"0\">Passend f\u00fcr folgende Modelle:<\/b><\/p>\n<p data-path-to-node=\"9\"><b data-path-to-node=\"9\" data-index-in-node=\"0\">iseki<\/b><\/p>\n<ul data-path-to-node=\"10\">\n<li>\n<p data-path-to-node=\"10,0,0\">SXG19, SXG22, SXG323H, SXG326<\/p>\n<\/li>\n<li>\n<p data-path-to-node=\"10,1,0\">TLE3400<\/p>\n<\/li>\n<li>\n<p data-path-to-node=\"10,2,0\">TM223, TM3200, TM3215, TM3217, TM3247<\/p>\n<\/li>\n<li>\n<p data-path-to-node=\"10,3,0\">TXG23, TXG237-F3<\/p>\n<\/li>\n<\/ul>\n<p data-path-to-node=\"11\"><b data-path-to-node=\"11\" data-index-in-node=\"0\">Iseki-Motor<\/b><\/p>\n<ul data-path-to-node=\"12\">\n<li>\n<p data-path-to-node=\"12,0,0\">E3100G01<\/p>\n<\/li>\n<li>\n<p data-path-to-node=\"12,1,0\">E3112-B13, E3112-G06, E3112B54, E3112B55, E3112B56, E3112B57, E3112G03, E3112UA02<\/p>\n<\/li>\n<li>\n<p data-path-to-node=\"12,2,0\">E3CDW TB11<\/p>\n<\/li>\n<\/ul>\n<p><strong>OEM zu Referenz<\/strong><\/p>\n<ul>\n<li>DN0PD620<\/li>\n<li>093400-6200<\/li>\n<li>62153000250A<\/li>\n<li>6215-311-027-00<\/li>\n<\/ul>\n","protected":false},"excerpt":{"rendered":"<p>Exklusiv aus eigener Produktion: eine hochwertige Einspritzd\u00fcsen-D\u00fcse, die strengsten Toleranzen entspricht. Diese \u201eSnelparts\u201c-Einspritzd\u00fcse wurde als \u00fcberlegene Alternative zu Standard-Aftermarket-Teilen entwickelt. Wir garantieren ein perfektes Spr\u00fchbild und eine exakte Abdichtung, was zu einem ruhiger laufenden Motor und einer saubereren Verbrennung f\u00fchrt. Rat aus Erfahrung: Setz nicht auf billigere Alternativen. Es wurde umfassende Forschung in OEM-Qualit\u00e4t betrieben,&hellip;<\/p>\n","protected":false},"featured_media":192945,"comment_status":"open","ping_status":"closed","template":"","meta":[],"product_cat":[8109],"product_tag":[23515,23510,23506,23509,23508,23507,23501,23511,23513,23514,23512,23090,23500,23358,23505,23504,23503,23502],"class_list":{"0":"post-129509","1":"product","2":"type-product","3":"status-publish","4":"has-post-thumbnail","6":"product_cat-einspritzduse","7":"product_tag-dn0pd620-de","8":"product_tag-duse-iseki-dn0pd620","9":"product_tag-duse-iseki-sxg","10":"product_tag-duse-iseki-tle","11":"product_tag-duse-iseki-tm","12":"product_tag-duse-iseki-txg","13":"product_tag-einspritzduse-iseki-sxg-txg-tm-tle-dn0pd620","14":"product_tag-sxg-de","15":"product_tag-t-m-de","16":"product_tag-tle-de","17":"product_tag-txg-de","18":"product_tag-zerstauber","19":"product_tag-zerstauber-iseki-sxg","20":"product_tag-zerstauberduse","21":"product_tag-zerstauberduse-dn0pd620","22":"product_tag-zerstauberduse-tle","23":"product_tag-zerstauberduse-tm","24":"product_tag-zerstauberduse-txg","25":"pa_merk-iseki-de","27":"first","28":"instock","29":"sale","30":"taxable","31":"shipping-taxable","32":"purchasable","33":"product-type-simple","34":"col-xs-6 col-sm-4","35":"col-md-3 col-lg-3","36":"un-4-cols"},"_links":{"self":[{"href":"https:\/\/shop4trac.com\/de\/wp-json\/wp\/v2\/product\/129509","targetHints":{"allow":["GET"]}}],"collection":[{"href":"https:\/\/shop4trac.com\/de\/wp-json\/wp\/v2\/product"}],"about":[{"href":"https:\/\/shop4trac.com\/de\/wp-json\/wp\/v2\/types\/product"}],"replies":[{"embeddable":true,"href":"https:\/\/shop4trac.com\/de\/wp-json\/wp\/v2\/comments?post=129509"}],"wp:featuredmedia":[{"embeddable":true,"href":"https:\/\/shop4trac.com\/de\/wp-json\/wp\/v2\/media\/192945"}],"wp:attachment":[{"href":"https:\/\/shop4trac.com\/de\/wp-json\/wp\/v2\/media?parent=129509"}],"wp:term":[{"taxonomy":"product_cat","embeddable":true,"href":"https:\/\/shop4trac.com\/de\/wp-json\/wp\/v2\/product_cat?post=129509"},{"taxonomy":"product_tag","embeddable":true,"href":"https:\/\/shop4trac.com\/de\/wp-json\/wp\/v2\/product_tag?post=129509"}],"curies":[{"name":"wp","href":"https:\/\/api.w.org\/{rel}","templated":true}]}}