{"id":122021,"date":"2024-06-30T18:37:34","date_gmt":"2024-06-30T17:37:34","guid":{"rendered":"https:\/\/shop4trac.com\/unkategorisiert\/kupplungssatz-iseki-sial-tf15-t17-tf19-th18-th20\/"},"modified":"2025-08-12T08:52:14","modified_gmt":"2025-08-12T06:52:14","slug":"kupplungssatz-iseki-sial-tf15-t17-tf19-th18-th20","status":"publish","type":"product","link":"https:\/\/shop4trac.com\/de\/kupplung-getriebe\/kupplungssatz\/kupplungssatz-iseki-sial-tf15-t17-tf19-th18-th20\/","title":{"rendered":"Kupplungssatz Iseki SIAL Hunter 18 \u2013 20 | TF15 SIAL \u2013 TF19 SIAL | SIAL153 \u2013 SIAL193"},"content":{"rendered":"<p>Dieses Kupplungsset ist von <strong>hoher<\/strong> Qualit\u00e4t und die kompatiblen Modelle wurden mit gr\u00f6\u00dfter Sorgfalt ausgew\u00e4hlt!<\/p>\n<p><strong>Technischer Datensatz<\/strong><\/p>\n<ul>\n<li><strong>Kupplungsautomat<\/strong><\/li>\n<li><strong>Kupplungsscheibe<\/strong>\n<ul>\n<li>184mm<\/li>\n<li>Der Keilwellendurchmesser: 24 mm<\/li>\n<li>Anzahl der Splines: 13<\/li>\n<\/ul>\n<\/li>\n<li><strong>Ausr\u00fccklager<\/strong>\n<ul>\n<li>40 mm innen, 64 mm au\u00dfen<\/li>\n<\/ul>\n<\/li>\n<\/ul>\n<p>Geeignet f\u00fcr die folgenden Modelle<\/p>\n<p><strong>Iseki<\/strong><\/p>\n<p><span style=\"text-decoration: underline\"><strong>EU-Serie<\/strong><\/span><\/p>\n<ul>\n<li>TF317, TF321, 3125<\/li>\n<\/ul>\n<p><span style=\"text-decoration: underline\"><strong>Japan<\/strong><\/span><\/p>\n<ul>\n<li>SIAL15, TF15, SIAL17, TF17, TF19, Sial 19<\/li>\n<li>SIAL153, \u200b\u200b\u200b\u200bTF153, TF173, Sial 173, TF193, Sial 193<\/li>\n<li>Sial Hunter18, Sial Hunter20, TH18, TH20<\/li>\n<\/ul>\n<p><strong>OEM als Referenz<\/strong><\/p>\n<ul>\n<li>1600-120-230-00 \u2013 Kupplungsautomat<\/li>\n<li>1614-120-220-00, 161412022000 \u2013 Kupplungsscheibe<\/li>\n<li>1614-120-002-00 \u2013 Ausr\u00fccklager<\/li>\n<\/ul>\n","protected":false},"excerpt":{"rendered":"<p>Dieses Kupplungsset ist von hoher Qualit\u00e4t und die kompatiblen Modelle wurden mit gr\u00f6\u00dfter Sorgfalt ausgew\u00e4hlt! Technischer Datensatz Kupplungsautomat Kupplungsscheibe 184mm Der Keilwellendurchmesser: 24 mm Anzahl der Splines: 13 Ausr\u00fccklager 40 mm innen, 64 mm au\u00dfen Geeignet f\u00fcr die folgenden Modelle Iseki EU-Serie TF317, TF321, 3125 Japan SIAL15, TF15, SIAL17, TF17, TF19, Sial 19 SIAL153, \u200b\u200b\u200b\u200bTF153,&hellip;<\/p>\n","protected":false},"featured_media":121984,"comment_status":"open","ping_status":"closed","template":"","meta":[],"product_cat":[395],"product_tag":[],"class_list":{"0":"post-122021","1":"product","2":"type-product","3":"status-publish","4":"has-post-thumbnail","6":"product_cat-kupplungssatz","7":"pa_merk-iseki-de","9":"first","10":"instock","11":"sale","12":"taxable","13":"shipping-taxable","14":"purchasable","15":"product-type-simple","16":"col-xs-6 col-sm-4","17":"col-md-3 col-lg-3","18":"un-4-cols"},"_links":{"self":[{"href":"https:\/\/shop4trac.com\/de\/wp-json\/wp\/v2\/product\/122021","targetHints":{"allow":["GET"]}}],"collection":[{"href":"https:\/\/shop4trac.com\/de\/wp-json\/wp\/v2\/product"}],"about":[{"href":"https:\/\/shop4trac.com\/de\/wp-json\/wp\/v2\/types\/product"}],"replies":[{"embeddable":true,"href":"https:\/\/shop4trac.com\/de\/wp-json\/wp\/v2\/comments?post=122021"}],"wp:featuredmedia":[{"embeddable":true,"href":"https:\/\/shop4trac.com\/de\/wp-json\/wp\/v2\/media\/121984"}],"wp:attachment":[{"href":"https:\/\/shop4trac.com\/de\/wp-json\/wp\/v2\/media?parent=122021"}],"wp:term":[{"taxonomy":"product_cat","embeddable":true,"href":"https:\/\/shop4trac.com\/de\/wp-json\/wp\/v2\/product_cat?post=122021"},{"taxonomy":"product_tag","embeddable":true,"href":"https:\/\/shop4trac.com\/de\/wp-json\/wp\/v2\/product_tag?post=122021"}],"curies":[{"name":"wp","href":"https:\/\/api.w.org\/{rel}","templated":true}]}}