{"id":106401,"date":"2024-05-01T16:06:40","date_gmt":"2024-05-01T15:06:40","guid":{"rendered":"https:\/\/shop4trac.com\/unkategorisiert\/deichsel-anhaengerkupplung-dreipunkt-anhaengerkupplung-drei-punkte-bock\/"},"modified":"2026-03-14T15:29:36","modified_gmt":"2026-03-14T14:29:36","slug":"deichsel-anhaengerkupplung-dreipunkt-anhaengerkupplung-drei-punkte-bock","status":"publish","type":"product","link":"https:\/\/shop4trac.com\/de\/sonstige-teile\/dreipunktaufnahme\/deichsel-anhaengerkupplung-dreipunkt-anhaengerkupplung-drei-punkte-bock\/","title":{"rendered":"Deichsel | Anh\u00e4ngerkupplung | Dreipunkt-Anh\u00e4ngerkupplung | Drei-Punkte-Bock"},"content":{"rendered":"<p><strong>Anh\u00e4ngerkupplungshalterung CAT1. f\u00fcr Ihren Minitraktor!<\/strong><\/p>\n<p>Optimieren Sie die Nutzung Ihres Minitraktors mit unserer hochwertigen Anh\u00e4ngerkupplungshalterung. Dieses robuste Zubeh\u00f6r ist f\u00fcr die einfache Montage im Heckkraftheber konzipiert und eignet sich f\u00fcr alle Anh\u00e4ngertypen, einschlie\u00dflich Kipper.<\/p>\n<ul>\n<li>Iseki<\/li>\n<li>Kubota<\/li>\n<li>Yanmar<\/li>\n<li>Shibaura<\/li>\n<li>Satoh<\/li>\n<li>Solis<\/li>\n<li>Suzue<\/li>\n<li>Hinomoto<\/li>\n<li>Mitsubishi<\/li>\n<li>Komatsu<\/li>\n<li>Hitachi<\/li>\n<li>Kobelco<\/li>\n<\/ul>\n<p><strong>Warum sollten Sie sich f\u00fcr unsere Anh\u00e4ngerkupplung entscheiden?<\/strong><\/p>\n<ul>\n<li><strong>Vielseitig:<\/strong> Geeignet f\u00fcr verschiedene Anh\u00e4nger wie Kipper und mehr.<\/li>\n<li><strong>Einfache Installation:<\/strong> Schneller und m\u00fcheloser Einbau in das Heckgest\u00e4nge Ihres Minitraktors.<\/li>\n<li><strong>Langlebig:<\/strong> Hergestellt aus hochwertigen Materialien, die auch bei intensiver Nutzung eine lange Lebensdauer gew\u00e4hrleisten.<\/li>\n<li><strong>Verbesserte Effizienz:<\/strong> Macht Ihren Minitraktor vielseitiger und erweitert seine Einsatzm\u00f6glichkeiten.<\/li>\n<\/ul>\n<p><span style=\"text-decoration: underline\">Die Bolzen, die Anh\u00e4ngerkupplung und weitere Teile sind selbstverst\u00e4ndlich wie auf dem Foto abgebildet im Lieferumfang enthalten! Also inklusive aller Produkte auf dem Foto.<\/span><\/p>\n<p>&nbsp;<\/p>\n","protected":false},"excerpt":{"rendered":"<p>Anh\u00e4ngerkupplungshalterung CAT1. f\u00fcr Ihren Minitraktor! Optimieren Sie die Nutzung Ihres Minitraktors mit unserer hochwertigen Anh\u00e4ngerkupplungshalterung. Dieses robuste Zubeh\u00f6r ist f\u00fcr die einfache Montage im Heckkraftheber konzipiert und eignet sich f\u00fcr alle Anh\u00e4ngertypen, einschlie\u00dflich Kipper. Iseki Kubota Yanmar Shibaura Satoh Solis Suzue Hinomoto Mitsubishi Komatsu Hitachi Kobelco Warum sollten Sie sich f\u00fcr unsere Anh\u00e4ngerkupplung entscheiden? Vielseitig:&hellip;<\/p>\n","protected":false},"featured_media":191076,"comment_status":"open","ping_status":"closed","template":"","meta":[],"product_cat":[17628],"product_tag":[],"class_list":{"0":"post-106401","1":"product","2":"type-product","3":"status-publish","4":"has-post-thumbnail","6":"product_cat-dreipunktaufnahme","7":"pa_merk-bolens-de","8":"pa_merk-hinomoto-de","9":"pa_merk-iseki-de","10":"pa_merk-kubota-de","11":"pa_merk-satoh-de","12":"pa_merk-shibaura-de","13":"pa_merk-solis-de","14":"pa_merk-suzue-de","15":"pa_merk-yanmar-de","16":"pa_merk-zen-noh-de","18":"first","19":"instock","20":"sale","21":"featured","22":"taxable","23":"shipping-taxable","24":"purchasable","25":"product-type-simple","26":"col-xs-6 col-sm-4","27":"col-md-3 col-lg-3","28":"un-4-cols"},"_links":{"self":[{"href":"https:\/\/shop4trac.com\/de\/wp-json\/wp\/v2\/product\/106401","targetHints":{"allow":["GET"]}}],"collection":[{"href":"https:\/\/shop4trac.com\/de\/wp-json\/wp\/v2\/product"}],"about":[{"href":"https:\/\/shop4trac.com\/de\/wp-json\/wp\/v2\/types\/product"}],"replies":[{"embeddable":true,"href":"https:\/\/shop4trac.com\/de\/wp-json\/wp\/v2\/comments?post=106401"}],"wp:featuredmedia":[{"embeddable":true,"href":"https:\/\/shop4trac.com\/de\/wp-json\/wp\/v2\/media\/191076"}],"wp:attachment":[{"href":"https:\/\/shop4trac.com\/de\/wp-json\/wp\/v2\/media?parent=106401"}],"wp:term":[{"taxonomy":"product_cat","embeddable":true,"href":"https:\/\/shop4trac.com\/de\/wp-json\/wp\/v2\/product_cat?post=106401"},{"taxonomy":"product_tag","embeddable":true,"href":"https:\/\/shop4trac.com\/de\/wp-json\/wp\/v2\/product_tag?post=106401"}],"curies":[{"name":"wp","href":"https:\/\/api.w.org\/{rel}","templated":true}]}}