{"id":104428,"date":"2024-04-08T15:23:30","date_gmt":"2024-04-08T14:23:30","guid":{"rendered":"https:\/\/shop4trac.com\/unkategorisiert\/luftfilter-kioti-rotluchs-yanmar-john-deere-schaeffer-loesegelder\/"},"modified":"2025-08-01T17:23:26","modified_gmt":"2025-08-01T15:23:26","slug":"luftfilter-kioti-rotluchs-yanmar-john-deere-schaeffer-loesegelder","status":"publish","type":"product","link":"https:\/\/shop4trac.com\/de\/filter\/luftfilter-de-2\/luftfilter-kioti-rotluchs-yanmar-john-deere-schaeffer-loesegelder\/","title":{"rendered":"Luftfilter Kioti | Rotluchs | Yanmar | John Deere | Sch\u00e4ffer | L\u00f6segelder"},"content":{"rendered":"<p>Dieser Luftfilter wurde sorgf\u00e4ltig f\u00fcr die folgenden Traktoren ausgew\u00e4hlt<\/p>\n<p>Abmessungen:<\/p>\n<p><strong>Au\u00dfendurchmesser<\/strong> : 126 mm<\/p>\n<p><strong>L\u00e4nge<\/strong> : 312 mm \/ 12,28 Zoll<\/p>\n<p><strong>Maschinen<\/strong><\/p>\n<p><strong>AIRMAN<\/strong><\/p>\n<ul>\n<li>PDS 185 S-5C5, PDS 185 S-6C2, PDS 185 S-7C5, PDS 185 SC-5C5, PDS 185 SC-7C5<\/li>\n<\/ul>\n<p><strong>AMMANN<\/strong><\/p>\n<ul>\n<li>ARP 35, ARX 23 1-2, ARX 23.1-2, ARX 23-2, ARX 23-2 C, ARX 26.1, ARX 26.1-2, ARX 26-2, ARX 26-2 C, ARX 36, ARX 40, ARX \u200b\u200b40-2, ARX 40-2 C, ARX 40 K, ARX 45, ARX 45, ARX 45-2, ARX 45-2 C, ARX 45 K, AV 75, AV 95-2<\/li>\n<\/ul>\n<p><strong>ANTONIO CARRARO<\/strong> :<\/p>\n<ul>\n<li>SR 7600 INFINITY<\/li>\n<\/ul>\n<p><strong>ATLAS<\/strong> :<\/p>\n<ul>\n<li>AR 60, AR 65 G, T 15<\/li>\n<\/ul>\n<p><strong>ATLAS COPCO<\/strong> :<\/p>\n<ul>\n<li>QAS 30 ST5, XAS 88-7<\/li>\n<\/ul>\n<p><strong>AUSA<\/strong> :<\/p>\n<ul>\n<li>2044, 2044, D 300 AHG, D 350 AHG, D 450 AHG, D 450 AHG<\/li>\n<\/ul>\n<p><strong>BOBCAT<\/strong><\/p>\n<ul>\n<li>331 D, 331 E, 331 E, 334, 334, 334 D, 335, 337, 337, 341, 341, 430 ZHS, 5600, 5600, 653, 751, 974, 975, B 300, BCA<\/li>\n<\/ul>\n<p><strong>BOMAG<\/strong><\/p>\n<ul>\n<li>BW 100 AC-5, BW 100 AC-5, BW 100 AC-5, BW 100 AC-5, BW 100 AD-5, BW 100 AD-5, BW 120 AC-5, BW 120 AC-5, BW 120 AC-5, BW 120 AC-5, BW 120 AD-5, BW 120 AD-5, BW 120 AD-5, BW 124 PDH-5, BW 135 AD-5, BW 135 AD-5, BW 135 AD- 5, BW 135 AD-5, BW 135 AD-5, BW 135 AD-5, BW<\/li>\n<li>138 AC-5, BW 138 AC-5, BW 138 AC-5, BW 138 AC-5, BW 138 AC-5, BW 138 AC-5, BW 138 AD-5, BW 138 AD-5, BW 138 AD -5, BW 100 AD-5, BW 120 AC-5, BW 120 AD-5, BW 135 AD-5, BW 138 AC-5, BW 138 AD-5<\/li>\n<\/ul>\n<p><strong>CATERPILLAR<\/strong><\/p>\n<ul>\n<li>216, 226, 228, 232, 236, 242, 247, 247 B, 252, 257, 267, 303,5 E CR, 304 E, 305,5 CR, 305,5 E CR, 305 C CR, 305 CR, 305 E CR, 306 E2 , 307 B, 307 C\/CR, 307 E2, 307 E2, 308 C\/CR, 308 D\/CR, 308 E\/CR, 902, 904, 906, CB 36 B, CC 34 B, DP 25 N, DP 30 , DP 35, DP 40 NT<\/li>\n<\/ul>\n<p><strong>CLAAS<\/strong><\/p>\n<ul>\n<li>TALOS 120, TALOS 130<\/li>\n<\/ul>\n<p><strong>CLARK<\/strong><\/p>\n<ul>\n<li>C 35 D, GTS 25 D<\/li>\n<\/ul>\n<p><strong>DOOSAN DAEWOO<\/strong><\/p>\n<ul>\n<li>460, D 20 S-3, D 20 S-7, D 25 S, D 25 S-2, D 25 S-7, D 25 S-7 PRO 5, D 30 S-3, D 30 S-7, D 33 S-7, D 35 C-5, D 35 C-7, DSL 460, DSL 601<\/li>\n<li>DSL 602, DSL 802, DX 35 Z, DX 55, DX 55-5, DX 55-5 MT, DX 55 A, DX 55 ACE, DX 55 ACE PLUS, DX 55 A MT, DX 55 MT, DX 55 MT ACE , DX 55 MT ACE PLUS, DX 55 W, DX 55 WA, DX 55 W ACE, DX 55 W ACE PLUS, DX 57 W-5, DX 60 R, DX 62 R-3, DX 63-3, DX 63- 5, DX 75, DX 80 R, DX 80 W-3,<\/li>\n<li>DX 85 R-3, DX 85 R-3, E 55 W, E 62, G 20 E-3, G 20 S-3, G 25 E-3, G 25 GP, G 25 S-3, G 30 E -3, G 30 GP, G 30 S-3, GC 20 E-3, GC 20 S-3, GC 25 E-3, GC 25 S-3, GC 30 E-3, SOLAR 055 PLUS, SOLAR 055 V , SOLAR 055 V GOLD, SOLAR 055 V GOLD PLUS, SOLAR 055 V PLUS, SOLAR 055 V<\/li>\n<li>SUPER, SOLAR 055 WV, SOLAR 055 WV GOLD PLUS, SOLAR 055 WV SUPER, SOLAR 075 V LC, SOLAR 075 V LC<\/li>\n<\/ul>\n<p><strong>FIAT HITACHI<\/strong><\/p>\n<ul>\n<li>EX 60-2, EX 60-3, EX 60-5, EX 60 LC, EX 60 LC 5, EX 60 WD-2, EX 75 UR, EX 80-5<\/li>\n<\/ul>\n<p><strong>GENIUS<\/strong><\/p>\n<ul>\n<li>GS 3268 RT\/4, GS 3384 RT, GS 3384 RT, GS 3384 RT STV, GS 3390 RT, GS 3390 RT, GS 4390 RT, GS 4390 RT, GS 4390 RT, GS 4394 RT, GS 5390 RT, GS 5390 RT , GS 5390 RT, GS 5390 RT STV, S 40, S 40, S 45, S 45, S 45 S 65 XC, S 80, S<\/li>\n<li>80 SC, S 85, S 85, S 85 XC, S 85 45\/25 RTJ, Z 45\/25 RTJ, Z 45\/25 RTJ, Z 45\/25 JRT, Z 51\/30 JRT, Z 51\/30 RT, Z 51\/30 RT\/JRT, Z 60\/34, Z 60\/34, Z 60\/34, Z 60\/34<\/li>\n<li>JRT, Z 60\/34 JRT, Z 60\/34 RT 4X4, Z 62\/40, Z 80\/60, Z 80\/60, ZX 135\/70, ZX 135\/70, ZX 135\/70<\/li>\n<\/ul>\n<p><strong>HANIX<\/strong><\/p>\n<ul>\n<li>H 55 DR, H 55 R, H 56 C, H 75 B\/C<\/li>\n<\/ul>\n<p><strong>HITACHI<\/strong><\/p>\n<ul>\n<li>EX 60 SS\/SR, EX 60 WD-2, EX 75 UR-3, EX 75 US-7, LX 50-7, ZX 60 USB-3 ZAXIS, ZX 60 USB ZAXIS, ZX 70 ZAXIS, ZX 75 US-A ZAXIS, ZX 75 U ZAXIS, ZX 80 SB ZAXIS, ZX 80 ZAXIS, ZX 85 USB-3 ZAXIS, ZX 85 USBLC-3 ZAXIS, ZX 85 USBLCN-3 ZAXIS, ZX 85 US ZAXIS, ZX 85 US ZAXIS<\/li>\n<\/ul>\n<p><strong>HYUNDAI<\/strong><\/p>\n<ul>\n<li>20 DA-7E, 25D-7E, 25 L-7A, HSL 650-7, HSL 650-7A, R 55-7, R 55-7 A, R 55 W-7, R 80-7, R 80-7A<\/li>\n<\/ul>\n<p><strong>INGERSOLL RAND<\/strong><\/p>\n<ul>\n<li>DD 24, DD 28 HF, DD 29, DD 30, DD 34 HF, DD 34 HF<\/li>\n<\/ul>\n<p><strong>JACOBSEN<\/strong><\/p>\n<ul>\n<li>AR 5, AR 522, AR 722 T, FAIRWAY LF 550, FAIRWAY LF 570, HR 3806, HR 500, HR 600, HR 6010, MP 653, R 311 T<\/li>\n<\/ul>\n<p><strong>JCB<\/strong><\/p>\n<ul>\n<li>406 T4, 8040 ZTS, 8045, 8045 ZTS, CC 155, G 20 RX, G 40 RX, ROBOT 135 ECO, TLT 25 D TCR<\/li>\n<\/ul>\n<p><strong>JOHN DEERE<\/strong><\/p>\n<ul>\n<li>1505, 1515, 1600, 1620, 1905, 3033 R, 3038 R, 3045 R, 3215 B, 3235 B, 3235 C, 3235 C FAIRWAY, 3235 C FAIRWAY, 3245 C, 3320, 3520, 3720, 4049 M, 4049 R , 4066 R, 5036 C, 5036 C, 5045 D, 5050 D, 5204, 5403, 7200 PRECISION CUT, 7500 FAIRWAY, 7700 FAIRWAY, 7700 PRECISION CUT, 8500<\/li>\n<li>E, 8700 PRECISION CUT, 8800 A, 8800 PRECISION CUT, 8900 A PRECISION CUT, 9009 A PRECISION CUT<\/li>\n<\/ul>\n<p><strong>JUNGHEINRICH<\/strong><\/p>\n<ul>\n<li>DFG 425, DFG 425, DFG 430 S, DFG 435, DFG 435 S, DG 435<\/li>\n<\/ul>\n<p><strong>KIOTI<\/strong><\/p>\n<ul>\n<li>CK 25, CK 25 H, CK 2610, CK 2610 CHSE, CK 2610 H, CK 2620, CK 2620 CHSE, CK 2620 H, CK 27, CK 27 H, CK 30, CK 30 H, CK 35, CK 3510, CK 3510 H, CK 3520, CK 3520 C, CK 3520 H<\/li>\n<li>CK 35 H, CK 3710, CK 3710 H, CK 4010, CK 4010 H, CK 4020, CK 4020 C, CK 4210, CK 4210 H, CK 4220 C, CK<\/li>\n<li>4220 CH, DK 35 CHSE, DK 35 HSE, DK 35 SE, DK 40 CHSE, DK 40 HSE<\/li>\n<li>DK 40 SE, DK 4210 CHSE, DK 4210 HSE, DK 4220 CHSE, DK 4220 HSE, DK 451, DK 4510, DK 45 CHSE, DK 45 CSE, DK 4720 CHSE, DK 4720 HSE, DK 4810, DK 4810 H, DK 5010, DK 5320 CHSE, DK 5320 HSE, DK 55, DK 551, DK 5810, DK 5810 H, DK 5810 HS, DS 3510, DS 4110, DS 4110 HS, DS<\/li>\n<li>4510, DS 4510 HS, DX 6010, EX 35, EX 40, EX 45, EX 50 CCR, EX 50-SA, EX 5310-AU, EX 55-SA, EX 5810-AU, KIOTI CK 4020 H, LX 500 L , NX 4510 CH, NX 4510 H, NX 4520 C, NX 5010, NX 5010 C, NX 5010 CH, NX 5010 H, NX 5020 C, NX 5020 CH, NX 5020 H, NX 5510, NX 5510 C, NX 5510 CH , NX<\/li>\n<li>5510 H, NX 5520 C, NX 6010 CH, NX 6010 H, NX 6020 CH, NX<\/li>\n<\/ul>\n<p><strong>Lindner<\/strong> :<\/p>\n<ul>\n<li style=\"list-style-type: none\">\n<ul>\n<li>UNITRAC 65<\/li>\n<\/ul>\n<\/li>\n<\/ul>\n<div class=\"w-full text-token-text-primary\" dir=\"auto\" data-testid=\"conversation-turn-41\">\n<div class=\"px-4 py-2 justify-center text-base md:gap-6 m-auto\">\n<div class=\"flex flex-1 text-base mx-auto gap-3 juice:gap-4 juice:md:gap-6 md:px-5 lg:px-1 xl:px-5 md:max-w-3xl lg:max-w-[40rem] xl:max-w-[48rem] group\">\n<div class=\"relative flex w-full flex-col agent-turn\">\n<div class=\"flex-col gap-1 md:gap-3\">\n<div class=\"flex flex-grow flex-col max-w-full\">\n<div class=\"min-h-[20px] text-message flex flex-col items-start gap-3 whitespace-pre-wrap break-words [.text-message+&amp;]:mt-5 overflow-x-auto\" dir=\"auto\" data-message-author-role=\"assistant\" data-message-id=\"7cd01e36-f7ff-4202-b543-1d5a6fe5a2e5\">\n<div class=\"markdown prose w-full break-words dark:prose-invert light\">\n<p><strong>MASSEY FERGUSON<\/strong> :<\/p>\n<ul>\n<li style=\"list-style-type: none\">\n<ul>\n<li>MF 516 XP<\/li>\n<\/ul>\n<\/li>\n<\/ul>\n<p><strong>MITSUBISHI<\/strong> :<\/p>\n<ul>\n<li style=\"list-style-type: none\">\n<ul>\n<li>FD 25 CN, FD 30 N<\/li>\n<\/ul>\n<\/li>\n<\/ul>\n<p><strong>MOROOKA<\/strong> :<\/p>\n<ul>\n<li style=\"list-style-type: none\">\n<ul>\n<li>MST 300 VD, MST 300 VD, MST 300 VDR<\/li>\n<\/ul>\n<\/li>\n<\/ul>\n<p><strong>NEUSON<\/strong> :<\/p>\n<ul>\n<li style=\"list-style-type: none\">\n<ul>\n<li>3001, 4001, 4001 S, 4501, 4501, LIFTON 3501, LIFTON 4001, LIFTON 5001, LIFTON 5001, LIFTON 5001<\/li>\n<\/ul>\n<\/li>\n<\/ul>\n<div class=\"flex-1 overflow-hidden\">\n<div class=\"react-scroll-to-bottom--css-vsphy-79elbk h-full\">\n<div class=\"react-scroll-to-bottom--css-vsphy-1n7m0yu\">\n<div class=\"flex flex-col text-sm pb-9\">\n<div class=\"w-full text-token-text-primary\" dir=\"auto\" data-testid=\"conversation-turn-43\">\n<div class=\"px-4 py-2 justify-center text-base md:gap-6 m-auto\">\n<div class=\"flex flex-1 text-base mx-auto gap-3 juice:gap-4 juice:md:gap-6 md:px-5 lg:px-1 xl:px-5 md:max-w-3xl lg:max-w-[40rem] xl:max-w-[48rem] group final-completion\">\n<div class=\"relative flex w-full flex-col agent-turn\">\n<div class=\"flex-col gap-1 md:gap-3\">\n<div class=\"flex flex-grow flex-col max-w-full\">\n<div class=\"min-h-[20px] text-message flex flex-col items-start gap-3 whitespace-pre-wrap break-words [.text-message+&amp;]:mt-5 overflow-x-auto\" dir=\"auto\" data-message-author-role=\"assistant\" data-message-id=\"de7ff4d4-5010-4795-86dc-474f5a04e9c5\">\n<div class=\"markdown prose w-full break-words dark:prose-invert light\">\n<p>NEUHOLLAND:<\/p>\n<ul>\n<li style=\"list-style-type: none\">\n<ul>\n<li>45 WORKMASTER, 45 WORKMASTER, 46 D BOOMER, 54 D BOOMER, 55 WORKMASTER, 55 WORKMASTER, CX 7.90, E 70 SR, E 80-1 ES, E 80 MSR EVOLUTION<\/li>\n<\/ul>\n<\/li>\n<\/ul>\n<p>RANSOMES:<\/p>\n<ul>\n<li style=\"list-style-type: none\">\n<ul>\n<li>FRONTLINE 960, HR 3806, HR 6010, MP 493, MP 653<\/li>\n<\/ul>\n<\/li>\n<\/ul>\n<p>SCHAFFER:<\/p>\n<ul>\n<li style=\"list-style-type: none\">\n<ul>\n<li>3350, 3360, 3450, 3460, 3545, 3550 T, 3550 T, 3560 T, 4160, 4250, 4350, 4360, 4460, 4560 T, 460 T, 5050 Z<\/li>\n<\/ul>\n<\/li>\n<\/ul>\n<p><strong>SOLIS<\/strong> :<\/p>\n<ul>\n<li style=\"list-style-type: none\">\n<ul>\n<li>50 RX<\/li>\n<\/ul>\n<\/li>\n<\/ul>\n<p><strong>TROTZDEM<\/strong> :<\/p>\n<ul>\n<li style=\"list-style-type: none\">\n<ul>\n<li>R 40-20, R 40-25, RC 40-15, RC 40-18, RC 40-20, RC 40-25, RC 40-25 T, RC 40-30, RC 40-30<\/li>\n<\/ul>\n<\/li>\n<\/ul>\n<p>TAKEUCHI:<\/p>\n<ul>\n<li style=\"list-style-type: none\">\n<ul>\n<li>TB 175, TB 175, TB 175 W, TB 180 FR, TB 180 FR, TB 75 FR, TB 80 FR, TB 80 FR, TL 120, TL 130<\/li>\n<\/ul>\n<\/li>\n<\/ul>\n<p><strong>TCM<\/strong> :<\/p>\n<ul>\n<li style=\"list-style-type: none\">\n<ul>\n<li>FA 30 DJ, FD 20 C7, FD 20 T3, FD 20 T6, FD 20 T6H, FD 20 T7, FD 20 W7, FD 20 Z5, FD 20 Z5 SERIE 700, FD 25 C7, FD 25 T3, FD 25 T6, FD 25 T7, FD 25 T7, FD 25 Z5, FD 30 T3, FD 30 T6H, FD 30 T7, FD 30 Z5, FD 35 T3S, FD 35 T 45 F, FHD 15 T3, FHD 15 T9, FHD 15 Z8, FHD 18 T3, FHD 18 T9, FHD 18 Z8, FHD 20 T3, FHD 20 Z5, FHD 25 T3A, FHD 25 Z5, FHD 30 T3, FHD 30 T3A, FHD 30 Z5, SSL 709<\/li>\n<\/ul>\n<\/li>\n<\/ul>\n<p>TEREX:<\/p>\n<ul>\n<li style=\"list-style-type: none\">\n<ul>\n<li>PT 60, TC 50<\/li>\n<\/ul>\n<\/li>\n<\/ul>\n<p>TORO:<\/p>\n<ul>\n<li style=\"list-style-type: none\">\n<ul>\n<li>GROUNDMASTER 3000 D, GROUNDMASTER 3000 E, GROUNDMASTER 4000 D, GROUNDMASTER 4100 D, GROUNDMASTER 4300 CROSS RPX, GROUNDMASTER 4500 D, GROUNDMASTER 455 D, GROUNDMASTER 455 D, GROUNDMASTER 4700 D, REELMASTER 4000 D, REELMA STER 5610 CRO SSTRAX, REELMASTER 5610 CROSSTRAX, REELMASTER 6500 D, REELMASTER 6500 D, REELMASTER 6500 D, REELMASTER 6700 D, REELMASTER 6700 D, REELMASTER 6700 D<\/li>\n<\/ul>\n<\/li>\n<\/ul>\n<p><strong>VOLVO<\/strong> :<\/p>\n<ul>\n<li style=\"list-style-type: none\">\n<ul>\n<li>DD 28 HF, DD 38 HF, EC 55 B, EC 55 C, EC 55 PRO, EC 60 C, EC 60 E, EC 60 E, ECR 50 F, ECR 58, ECR 58 D, ECR 58 D, ECR 58 D , ECR 58 F, ECR 58 PLC, ECR 58 PLUS, ECR 88, ECR 88 D, ECR 88 D, ECR 88 D, EW 50, EW 55 B, EW 60 E, EW 60 E, EW 60 E, EW 60 E , SD 25 D<\/li>\n<\/ul>\n<\/li>\n<\/ul>\n<p><strong>WACKER NEUSON<\/strong> :<\/p>\n<ul>\n<li style=\"list-style-type: none\">\n<ul>\n<li>3001, 3001, 3001 S, 4001, 4001, 4001<\/li>\n<\/ul>\n<\/li>\n<\/ul>\n<p>YANMAR:<\/p>\n<ul>\n<li style=\"list-style-type: none\">\n<ul>\n<li>4 TNE 94 E-SA\/G1A, 4 TNE 98 E-SA\/G1A, B 07-5A, B 50 W, B 55 W-1, B 55 W-2, B 55 WCR\/W1K, B 7-6S, B 7 SIGMA, C 30 R-1, C 30 R-2, C 30 RA, VIO 20, VIO 70 CR, VIO 75-A, VIO 75-C<\/li>\n<li>VIO 75 CR, VIO 75 CR\/VCR, VIO 80, VIO 80-4, VIO 80 U<\/li>\n<\/ul>\n<\/li>\n<\/ul>\n<\/div>\n<div class=\"markdown prose w-full break-words dark:prose-invert light\"><\/div>\n<\/div>\n<\/div>\n<div class=\"mt-1 flex gap-3 empty:hidden\"><\/div>\n<\/div>\n<\/div>\n<\/div>\n<\/div>\n<\/div>\n<\/div>\n<\/div>\n<\/div>\n<\/div>\n<div class=\"w-full pt-2 md:pt-0 dark:border-white\/20 md:border-transparent md:dark:border-transparent md:w-[calc(100%-.5rem)]\"><\/div>\n<\/div>\n<\/div>\n<\/div>\n<\/div>\n<\/div>\n<\/div>\n<\/div>\n<\/div>\n<p><strong>OEM als Referenz<\/strong><\/p>\n<ul>\n<li>c13145\/2<\/li>\n<li>A1190108<\/li>\n<li>R140142280<\/li>\n<li>129062-12560<\/li>\n<li>IR59144170<\/li>\n<li>1377080<\/li>\n<\/ul>\n","protected":false},"excerpt":{"rendered":"<p>Dieser Luftfilter wurde sorgf\u00e4ltig f\u00fcr die folgenden Traktoren ausgew\u00e4hlt Abmessungen: Au\u00dfendurchmesser : 126 mm L\u00e4nge : 312 mm \/ 12,28 Zoll Maschinen AIRMAN PDS 185 S-5C5, PDS 185 S-6C2, PDS 185 S-7C5, PDS 185 SC-5C5, PDS 185 SC-7C5 AMMANN ARP 35, ARX 23 1-2, ARX 23.1-2, ARX 23-2, ARX 23-2 C, ARX 26.1, ARX 26.1-2,&hellip;<\/p>\n","protected":false},"featured_media":104422,"comment_status":"open","ping_status":"open","template":"","meta":[],"product_cat":[681],"product_tag":[],"class_list":{"0":"post-104428","1":"product","2":"type-product","3":"status-publish","4":"has-post-thumbnail","6":"product_cat-luftfilter-de-2","7":"pa_merk-airman-de","8":"pa_merk-atlas-de","9":"pa_merk-bobcat-de","10":"pa_merk-branson-de","11":"pa_merk-john-deere-de","12":"pa_merk-kioti-de","13":"pa_merk-kubota-de","14":"pa_merk-massey-ferguson-de","15":"pa_merk-mitsubishi-de","16":"pa_merk-new-holland-de","17":"pa_merk-toro-de","18":"pa_merk-volvo-de","19":"pa_merk-yanmar-de","21":"first","22":"instock","23":"taxable","24":"shipping-taxable","25":"purchasable","26":"product-type-simple","27":"col-xs-6 col-sm-4","28":"col-md-3 col-lg-3","29":"un-4-cols"},"_links":{"self":[{"href":"https:\/\/shop4trac.com\/de\/wp-json\/wp\/v2\/product\/104428","targetHints":{"allow":["GET"]}}],"collection":[{"href":"https:\/\/shop4trac.com\/de\/wp-json\/wp\/v2\/product"}],"about":[{"href":"https:\/\/shop4trac.com\/de\/wp-json\/wp\/v2\/types\/product"}],"replies":[{"embeddable":true,"href":"https:\/\/shop4trac.com\/de\/wp-json\/wp\/v2\/comments?post=104428"}],"wp:featuredmedia":[{"embeddable":true,"href":"https:\/\/shop4trac.com\/de\/wp-json\/wp\/v2\/media\/104422"}],"wp:attachment":[{"href":"https:\/\/shop4trac.com\/de\/wp-json\/wp\/v2\/media?parent=104428"}],"wp:term":[{"taxonomy":"product_cat","embeddable":true,"href":"https:\/\/shop4trac.com\/de\/wp-json\/wp\/v2\/product_cat?post=104428"},{"taxonomy":"product_tag","embeddable":true,"href":"https:\/\/shop4trac.com\/de\/wp-json\/wp\/v2\/product_tag?post=104428"}],"curies":[{"name":"wp","href":"https:\/\/api.w.org\/{rel}","templated":true}]}}