{"id":101773,"date":"2024-03-13T15:19:41","date_gmt":"2024-03-13T14:19:41","guid":{"rendered":"https:\/\/shop4trac.com\/unkategorisiert\/filtersatz-mitsubishi-mt21-mt26\/"},"modified":"2026-03-17T14:48:32","modified_gmt":"2026-03-17T13:48:32","slug":"filtersatz-mitsubishi-mt21-mt26","status":"publish","type":"product","link":"https:\/\/shop4trac.com\/de\/filter\/filter-satz\/filtersatz-mitsubishi-mt21-mt26\/","title":{"rendered":"Filterkit Mitsubishi MT21 \u2013 MT26"},"content":{"rendered":"<p>Filterkit passend f\u00fcr:<\/p>\n<p>Bestehend aus:<\/p>\n<ul>\n<li>Luftfilter<\/li>\n<li>Kraftstofffilter\n<ul>\n<li>H\u00f6he: <em>50,5 mm<\/em><\/li>\n<li>Anschluss: 12mm<\/li>\n<li>Durchmesser: 35 mm<\/li>\n<\/ul>\n<\/li>\n<li>\u00d6lfilter<\/li>\n<\/ul>\n<p><strong>Mitsubishi<\/strong><\/p>\n<ul>\n<li>MT21, MT23, MT25, MT26<\/li>\n<li>MT23D, MT25D<\/li>\n<\/ul>\n","protected":false},"excerpt":{"rendered":"<p>Filterkit passend f\u00fcr: Bestehend aus: Luftfilter Kraftstofffilter H\u00f6he: 50,5 mm Anschluss: 12mm Durchmesser: 35 mm \u00d6lfilter Mitsubishi MT21, MT23, MT25, MT26 MT23D, MT25D<\/p>\n","protected":false},"featured_media":148491,"comment_status":"open","ping_status":"closed","template":"","meta":[],"product_cat":[382],"product_tag":[],"class_list":{"0":"post-101773","1":"product","2":"type-product","3":"status-publish","4":"has-post-thumbnail","6":"product_cat-filter-satz","7":"pa_merk-mitsubishi-de","9":"first","10":"instock","11":"sale","12":"taxable","13":"shipping-taxable","14":"purchasable","15":"product-type-simple","16":"col-xs-6 col-sm-4","17":"col-md-3 col-lg-3","18":"un-4-cols"},"_links":{"self":[{"href":"https:\/\/shop4trac.com\/de\/wp-json\/wp\/v2\/product\/101773","targetHints":{"allow":["GET"]}}],"collection":[{"href":"https:\/\/shop4trac.com\/de\/wp-json\/wp\/v2\/product"}],"about":[{"href":"https:\/\/shop4trac.com\/de\/wp-json\/wp\/v2\/types\/product"}],"replies":[{"embeddable":true,"href":"https:\/\/shop4trac.com\/de\/wp-json\/wp\/v2\/comments?post=101773"}],"wp:featuredmedia":[{"embeddable":true,"href":"https:\/\/shop4trac.com\/de\/wp-json\/wp\/v2\/media\/148491"}],"wp:attachment":[{"href":"https:\/\/shop4trac.com\/de\/wp-json\/wp\/v2\/media?parent=101773"}],"wp:term":[{"taxonomy":"product_cat","embeddable":true,"href":"https:\/\/shop4trac.com\/de\/wp-json\/wp\/v2\/product_cat?post=101773"},{"taxonomy":"product_tag","embeddable":true,"href":"https:\/\/shop4trac.com\/de\/wp-json\/wp\/v2\/product_tag?post=101773"}],"curies":[{"name":"wp","href":"https:\/\/api.w.org\/{rel}","templated":true}]}}