{"id":101560,"date":"2024-03-12T13:01:35","date_gmt":"2024-03-12T12:01:35","guid":{"rendered":"https:\/\/shop4trac.com\/unkategorisiert\/luftfilter-intern-kubota-l-serie-john-deere-rotluchs-yanmar\/"},"modified":"2025-09-05T17:36:25","modified_gmt":"2025-09-05T15:36:25","slug":"luftfilter-intern-kubota-l-serie-john-deere-rotluchs-yanmar","status":"publish","type":"product","link":"https:\/\/shop4trac.com\/de\/filter\/luftfilter-de-2\/luftfilter-intern-kubota-l-serie-john-deere-rotluchs-yanmar\/","title":{"rendered":"Luftfilter innen Kubota L-Serie | John Deere | Bobcat | Yanmar"},"content":{"rendered":"<p><strong>Abmessungen<\/strong> :<\/p>\n<p>L\u00e4nge: 265 mm<\/p>\n<p>Au\u00dfendurchmesser: 60 mm<\/p>\n<p>Innendurchmesser: 41 mm<\/p>\n<p><strong>Luftfilter passend f\u00fcr folgende Modelle:<\/strong><\/p>\n<p><strong>Kubota<\/strong><\/p>\n<ul>\n<li>KX 101-3 ALPHA 3, KX 101-3 ALPHA 3, KX 101-3 ALPHA 4<\/li>\n<li>L 1361, L 1361 HST, L 2421 DW\/DR, L2500 DT, L 2500 F, L 2800 DHV, L 2800 DHW, L 2800 DT, L 2800 F, L 2900 DT, L 2900 DT GST, L 2900 F, L 3010 DT, L 3010 F, L 3010 GST, L 3010 HST, L 3130 DT, L 3130 F, L 3130 GST, L 3130 HST, L 3200, L 3200 DW, L 3240 DT, L 3240 F, L 3240 GST, L 3240 HST, L 3240 HSTC, L 3400 DT, L 3400 F, L 3400 HST, L 3410 DT, L 3410 GST, L 3410 HST, L 3430 DT, L 3430 GST, L 3430 HST, L 3430 HSTC, L 3540 GST, L 3540 HST, L 3540 HSTC, L 3600 DT, L 3600 DTC\/GSTC, L 3600 GST, L 3600 HST, L 3710 DT, L 3710 GST, L 3710 HST, L 3710 HSTC, L 3830 DT, L 3830 F, L 3830 GST, L 3830 HST, L 39, L 3940 DT, L 3940 GST, L 3940 HST, L3940 HSTC, L4100 HST, L 4200, L 4200 DTGST, L 4200 DTGSTC, L 4240 DT, L 4240 GST, L 4240 HST, L 4240 HSTC, L 4300 DT, L 4300 F, L 4310 DT, L 4310 F, L 4310 GST, L 4310 GSTC, L 4310 HST, L 4310 HSTC, L 4330 DT, L 4330 GST, L 4330 HST, L 4330 HSTC, L 4400 DV, L 4400 DW, L 4400 FV, L 4400 FW, L 4610 GST, L 4610 HST, L 4610 HSTC, L 4630, L 4630 DT, L 4630 GST, L 4630 HST, L 4630 HSTC<\/li>\n<li>R 420 ALPHA, RTV 1100, RTV-X 1100<\/li>\n<li>U 35, U 35-3 ALPHA 3.<\/li>\n<\/ul>\n<p><strong>Bobcat<\/strong><\/p>\n<p>325, 325 D, 328, 328 D, 328 G, 329, 331, 3600 D, 3650 D, 425, 425 EG\/ZTS, 428, 428 EG, 463, 552, 553 F, 923, B250 B, E26, E32 , E32 I, E35, E35 I, E35 Z, L23, L28, S70.<\/p>\n<p><strong>Captain Traktoren<\/strong><\/p>\n<ul>\n<li>STARTRAC 263, STARTRAC 273, STARTRAC 273-8G.<\/li>\n<\/ul>\n<p><strong>John Deere<\/strong><\/p>\n<ul>\n<li>1025 R, 1435, 1445, 1445 SERIES II, 1525, 1545, 1545 SERIES II, 1550, 1565, 1565 SERIES II 4WD, 1570 TERRAIN CUT, 1570 TerrainCut FAP, 1580, 2027 R HST, 2036 R, 23 20, 2520, 2720 , 3028 EN, 3032 E, 3036 E, 3036 EN, 3038 E, 3110 HYDRO\/POWER-REVERSE, 4200, 4200, 4300, 4310, 4310, 4400, 4400, 4410, 4410, 4600, 4600, 461 0, 4610, 4700 , 4710, 997, PRO GATOR 2030 A, Z 797 R Z-TRACK, Z 820 A, Z 920 R Z-TRACK, Z 930 R Z-TRACK, Z 950 R Z-TRACK, Z 960 R Z-TRACK, Z 970 R Z-TRACK, Z 994 R, Z997R, Z997R.<\/li>\n<\/ul>\n<p><strong>Caterpillar<\/strong><\/p>\n<ul>\n<li>301.5, 301.6, 301.8, 302.5, 303.5, 303.5 C\/CR, 303.5 DCR, 303 CR, 303 E CR, 304.5, 304 C\/CR, 304 D\/CR, 305 C CR, 305 CR, 305 D, AP 255 E , CB 14 B, CB 1.8, CB 214 D, CB 214 E, CB 22, CB 224 D, CB 224 E, CB 225 D, CB 225 E, CB 22 B, CB 24, CB 24 B, CB 24 B XT , CB 2.5, CB 2.6, CB 2.7, CB 32 B, CB 334 D, CB 334 E, CB 335 D, CB 335 E, CB 34, CB 34 B, CB 34 B XW, CBR 2.5, CBR 2.6, CBR 2.7 , CC 24, CC 2.6, CC 34, CS 64, GP 25 N, GP 30 N, GP 35 N.<\/li>\n<\/ul>\n<p><strong>Lamborghini<\/strong><\/p>\n<ul>\n<li>G23 H, G27 H, G 0 H, G35 H, G40 H<\/li>\n<\/ul>\n<p><strong>Komatsu<\/strong><\/p>\n<ul>\n<li>PC 27 MR-2, PC 27 MR-3, PC 30 MR-2, PC 30 MR-3, PC 30 MR-5, PC 35 MR-2, PC 35 MR-5, PC 45-8, PC 50 MR -2, SK 714-5, SK 818.<\/li>\n<\/ul>\n<p><strong>LS<\/strong><\/p>\n<ul>\n<li>G 3033, G 3033 H, G 3038, G 3038 H, I 3030, I 3030 H, I 3040, I 3040 H, R 3029, R 3029 H, R 3039, R 3039 H, R 4010, R 4010 H, R 4020, R 4020 H, R 4041, R 4041 EZ, R 4041 H, R 4047, R 4047 EZ, R 4047 H, R 50 HST, RIO 36 I HST, RIO 36 I HST, XG 3032, XG 3032 H, 3037, XG 3037 H, XR 3032, XR 3032 H, XR 3037,<\/li>\n<\/ul>\n<p><strong>New Holland\/Ford<\/strong><\/p>\n<ul>\n<li>2030 BOOMER, 2035 BOOMER, 20 BOOMER, 25 BOOMER, 3040 BOOMER, 3045 BOOMER, 3050 BOOMER, 30 BOOMER, 35 BOOMER, 35 WORKMASTER, 40 BOOMER, 40 WORKMASTER, 50 BOOMER, 8N BOOMER, E 26 C, E 30 C, E 30 SR, E 33 C, MC 28, MC 35, T 1510, T 1520, T 1560, T 1570, TC 25 D, TC 27 D, TC 29 D, TC 31 DA, TC 33 D, TC 35, TC 35 D, TC 35 DA, TC 40 D, TC 40 DA, TC 45 DA, TD 3.5<\/li>\n<\/ul>\n<p><strong>Toro<\/strong><\/p>\n<ul>\n<li>GRANDSTAND 74504 TE, GROUNDMASTER 3500 D, GROUNDMASTER 3505 D, GROUNDMASTER 4300 D, HYDROJET 3010, MULTI PRO 5800 D, PROLINE H 800, STX 26, Z-MASTER G3 COMMERCIAL<\/li>\n<\/ul>\n<p><strong>Yanmar <\/strong><\/p>\n<ul>\n<li>EF227 H, EF 230, EF 235, EF 235 H, SV 20, SV 22, SV 26, VIO 20-2, VIO 25, VIO 26-6, VIO 26 CR, VIO 27-2, VIO 27-3, VIO 27-5, VIO 27-6, VIO 35-3, VIO 35 VCR.<\/li>\n<\/ul>\n<p><strong>Fall<\/strong><\/p>\n<ul>\n<li>570LXT, 570MXT, 580L, 580M, 580SL, 590L, 590SL, 584E, 585E, 585G, 586E, 586G, 588G, 550G<\/li>\n<\/ul>\n<p><strong>OEM-Referenznummern<\/strong><\/p>\n<ul>\n<li>TA040-9322-0, TA040-93230, TA04093220, TA040-93220<\/li>\n<li>VPD7380<\/li>\n<li>MT40049447<\/li>\n<li>128782A1<\/li>\n<\/ul>\n<div id=\"product-tabs-navigation\" class=\"product info detailed\">\n<div class=\"product data items product-tab-content-wrapper mage-tabs-disabled\" role=\"tablist\">\n<div id=\"tab-label-tractor.fits.models.tab\" class=\"data item title\" role=\"tab\" data-role=\"collapsible\" data-collapsible=\"true\" aria-controls=\"tractor.fits.models.tab\" aria-expanded=\"false\"><\/div>\n<\/div>\n<\/div>\n","protected":false},"excerpt":{"rendered":"<p>Abmessungen : L\u00e4nge: 265 mm Au\u00dfendurchmesser: 60 mm Innendurchmesser: 41 mm Luftfilter passend f\u00fcr folgende Modelle: Kubota KX 101-3 ALPHA 3, KX 101-3 ALPHA 3, KX 101-3 ALPHA 4 L 1361, L 1361 HST, L 2421 DW\/DR, L2500 DT, L 2500 F, L 2800 DHV, L 2800 DHW, L 2800 DT, L 2800 F, L&hellip;<\/p>\n","protected":false},"featured_media":101540,"comment_status":"open","ping_status":"closed","template":"","meta":[],"product_cat":[681],"product_tag":[],"class_list":{"0":"post-101560","1":"product","2":"type-product","3":"status-publish","4":"has-post-thumbnail","6":"product_cat-luftfilter-de-2","8":"first","9":"instock","10":"taxable","11":"shipping-taxable","12":"purchasable","13":"product-type-simple","14":"col-xs-6 col-sm-4","15":"col-md-3 col-lg-3","16":"un-4-cols"},"_links":{"self":[{"href":"https:\/\/shop4trac.com\/de\/wp-json\/wp\/v2\/product\/101560","targetHints":{"allow":["GET"]}}],"collection":[{"href":"https:\/\/shop4trac.com\/de\/wp-json\/wp\/v2\/product"}],"about":[{"href":"https:\/\/shop4trac.com\/de\/wp-json\/wp\/v2\/types\/product"}],"replies":[{"embeddable":true,"href":"https:\/\/shop4trac.com\/de\/wp-json\/wp\/v2\/comments?post=101560"}],"wp:featuredmedia":[{"embeddable":true,"href":"https:\/\/shop4trac.com\/de\/wp-json\/wp\/v2\/media\/101540"}],"wp:attachment":[{"href":"https:\/\/shop4trac.com\/de\/wp-json\/wp\/v2\/media?parent=101560"}],"wp:term":[{"taxonomy":"product_cat","embeddable":true,"href":"https:\/\/shop4trac.com\/de\/wp-json\/wp\/v2\/product_cat?post=101560"},{"taxonomy":"product_tag","embeddable":true,"href":"https:\/\/shop4trac.com\/de\/wp-json\/wp\/v2\/product_tag?post=101560"}],"curies":[{"name":"wp","href":"https:\/\/api.w.org\/{rel}","templated":true}]}}