{"id":100632,"date":"2024-02-29T17:19:04","date_gmt":"2024-02-29T16:19:04","guid":{"rendered":"https:\/\/shop4trac.com\/unkategorisiert\/filterset-captain-traktor-startrac-263-273\/"},"modified":"2026-04-06T18:28:16","modified_gmt":"2026-04-06T17:28:16","slug":"filterset-captain-traktor-startrac-263-273","status":"publish","type":"product","link":"https:\/\/shop4trac.com\/de\/filter\/filter-satz\/filterset-captain-traktor-startrac-263-273\/","title":{"rendered":"Filterkit Kapit\u00e4n Traktor Startrac 263 \u2013 273"},"content":{"rendered":"<p>Filterkit | Wartungskit passend \u2013 als Referenz f\u00fcr <strong>Captain Traktor Startrac<\/strong><\/p>\n<p><strong>Sehr wichtig! Dieses Set beinhaltet eine \u00d6lwannen-Ablassschraube mit Kupferring. Oft wird die Dichtung der \u00d6lwanne vergessen, was zu \u00d6lverlust f\u00fchren kann. Diese sollte immer ausgetauscht werden!   <\/strong><\/p>\n<p>Bestehend aus:<\/p>\n<ul>\n<li>Luftfilter\n<ul>\n<li>Au\u00dfendurchmesser: 105 mm<\/li>\n<li>Innendurchmesser: 62 mm<\/li>\n<li>L\u00e4nge: 274 mm<\/li>\n<\/ul>\n<\/li>\n<li>Kraftstofffilter<\/li>\n<li>\u00d6lfilter<\/li>\n<\/ul>\n<p><strong>KAPIT\u00c4N TRAKTOR STARTRAC<\/strong><\/p>\n<ul>\n<li>263, 273<\/li>\n<\/ul>\n<p><strong>Mitsubishi Motor<\/strong><\/p>\n<ul>\n<li>MVS3L2J-ZB62CT<\/li>\n<\/ul>\n<p>&nbsp;<\/p>\n","protected":false},"excerpt":{"rendered":"<p>&nbsp;<\/p>\n<p>&nbsp;<\/p>\n","protected":false},"featured_media":197750,"comment_status":"open","ping_status":"closed","template":"","meta":[],"product_cat":[382],"product_tag":[],"class_list":{"0":"post-100632","1":"product","2":"type-product","3":"status-publish","4":"has-post-thumbnail","6":"product_cat-filter-satz","7":"pa_merk-captain-tractor-de","9":"first","10":"instock","11":"sale","12":"taxable","13":"shipping-taxable","14":"purchasable","15":"product-type-simple","16":"col-xs-6 col-sm-4","17":"col-md-3 col-lg-3","18":"un-4-cols"},"_links":{"self":[{"href":"https:\/\/shop4trac.com\/de\/wp-json\/wp\/v2\/product\/100632","targetHints":{"allow":["GET"]}}],"collection":[{"href":"https:\/\/shop4trac.com\/de\/wp-json\/wp\/v2\/product"}],"about":[{"href":"https:\/\/shop4trac.com\/de\/wp-json\/wp\/v2\/types\/product"}],"replies":[{"embeddable":true,"href":"https:\/\/shop4trac.com\/de\/wp-json\/wp\/v2\/comments?post=100632"}],"wp:featuredmedia":[{"embeddable":true,"href":"https:\/\/shop4trac.com\/de\/wp-json\/wp\/v2\/media\/197750"}],"wp:attachment":[{"href":"https:\/\/shop4trac.com\/de\/wp-json\/wp\/v2\/media?parent=100632"}],"wp:term":[{"taxonomy":"product_cat","embeddable":true,"href":"https:\/\/shop4trac.com\/de\/wp-json\/wp\/v2\/product_cat?post=100632"},{"taxonomy":"product_tag","embeddable":true,"href":"https:\/\/shop4trac.com\/de\/wp-json\/wp\/v2\/product_tag?post=100632"}],"curies":[{"name":"wp","href":"https:\/\/api.w.org\/{rel}","templated":true}]}}