{"id":20463,"date":"2020-04-08T18:42:51","date_gmt":"2020-04-08T17:42:51","guid":{"rendered":"https:\/\/shop4trac.com\/contact\/"},"modified":"2026-01-19T18:26:30","modified_gmt":"2026-01-19T17:26:30","slug":"contact","status":"publish","type":"page","link":"https:\/\/shop4trac.com\/de\/contact\/","title":{"rendered":"Kontakt"},"content":{"rendered":"\t\t<div data-elementor-type=\"wp-page\" data-elementor-id=\"20463\" class=\"elementor elementor-20463 elementor-19869\">\n\t\t\t\t\t\t<section class=\"elementor-section elementor-top-section elementor-element elementor-element-6b62a95 elementor-section-boxed elementor-section-height-default elementor-section-height-default\" data-id=\"6b62a95\" data-element_type=\"section\" data-e-type=\"section\">\n\t\t\t\t\t\t<div class=\"elementor-container elementor-column-gap-default\">\n\t\t\t\t\t<div class=\"elementor-column elementor-col-100 elementor-top-column elementor-element elementor-element-d33270d\" data-id=\"d33270d\" data-element_type=\"column\" data-e-type=\"column\">\n\t\t\t<div class=\"elementor-widget-wrap elementor-element-populated\">\n\t\t\t\t\t\t<div class=\"elementor-element elementor-element-ce62a8a elementor-widget elementor-widget-spacer\" data-id=\"ce62a8a\" data-element_type=\"widget\" data-e-type=\"widget\" data-widget_type=\"spacer.default\">\n\t\t\t\t<div class=\"elementor-widget-container\">\n\t\t\t\t\t\t\t<div class=\"elementor-spacer\">\n\t\t\t<div class=\"elementor-spacer-inner\"><\/div>\n\t\t<\/div>\n\t\t\t\t\t\t<\/div>\n\t\t\t\t<\/div>\n\t\t\t\t\t<\/div>\n\t\t<\/div>\n\t\t\t\t\t<\/div>\n\t\t<\/section>\n\t\t\t\t<section class=\"elementor-section elementor-top-section elementor-element elementor-element-728b6f9 elementor-section-boxed elementor-section-height-default elementor-section-height-default\" data-id=\"728b6f9\" data-element_type=\"section\" data-e-type=\"section\">\n\t\t\t\t\t\t<div class=\"elementor-container elementor-column-gap-default\">\n\t\t\t\t\t<div class=\"elementor-column elementor-col-100 elementor-top-column elementor-element elementor-element-b324331\" data-id=\"b324331\" data-element_type=\"column\" data-e-type=\"column\">\n\t\t\t<div class=\"elementor-widget-wrap elementor-element-populated\">\n\t\t\t\t\t\t<div class=\"elementor-element elementor-element-ebcb4a1 elementor-widget elementor-widget-text-editor\" data-id=\"ebcb4a1\" data-element_type=\"widget\" data-e-type=\"widget\" data-widget_type=\"text-editor.default\">\n\t\t\t\t<div class=\"elementor-widget-container\">\n\t\t\t\t\t\t\t\t\t<h4 style=\"text-align: center;\">Sind Sie auf der Suche nach einem bestimmten Produkt oder haben Sie eine Frage? Dann kontaktieren Sie uns. Wir helfen Ihnen gerne!<\/h4>\n\t\t\t\t\t\t\t\t<\/div>\n\t\t\t\t<\/div>\n\t\t\t\t<div class=\"elementor-element elementor-element-621f8c5 elementor-widget elementor-widget-html\" data-id=\"621f8c5\" data-element_type=\"widget\" data-e-type=\"widget\" data-widget_type=\"html.default\">\n\t\t\t\t<div class=\"elementor-widget-container\">\n\t\t\t\t\t<div style=\"margin: 0 auto; text-align: center;\">\n<button onclick=\"Intercom('showNewMessage')\" class=\"elementor-button elementor-size-lg\" role=\"button\">\n\t\t\t\t\t\t<span class=\"elementor-button-content-wrapper\">\n\t\t\t\t\t\t\t\t\t<span class=\"elementor-button-text\">Eine Nachricht senden<\/span>\n\t\t\t\t\t<\/span>\n\t\t\t\t\t<\/button>\n\t\t\t\t\t<\/div>\t\t\t\t<\/div>\n\t\t\t\t<\/div>\n\t\t\t\t<div class=\"elementor-element elementor-element-53f1c83 elementor-widget-divider--view-line_text elementor-widget-divider--element-align-center elementor-widget elementor-widget-divider\" data-id=\"53f1c83\" data-element_type=\"widget\" data-e-type=\"widget\" data-widget_type=\"divider.default\">\n\t\t\t\t<div class=\"elementor-widget-container\">\n\t\t\t\t\t\t\t<div class=\"elementor-divider\">\n\t\t\t<span class=\"elementor-divider-separator\">\n\t\t\t\t\t\t\t<span class=\"elementor-divider__text elementor-divider__element\">\n\t\t\t\tOR\t\t\t\t<\/span>\n\t\t\t\t\t\t<\/span>\n\t\t<\/div>\n\t\t\t\t\t\t<\/div>\n\t\t\t\t<\/div>\n\t\t\t\t<div class=\"elementor-element elementor-element-3270c9f columns-2 mf-elementor-icons-list__display-column elementor-widget elementor-widget-martfury-icons-list\" data-id=\"3270c9f\" data-element_type=\"widget\" data-e-type=\"widget\" data-widget_type=\"martfury-icons-list.default\">\n\t\t\t\t<div class=\"elementor-widget-container\">\n\t\t\t\t\t        <div class=\"mf-elementor-icons-list\">\r\n            <div class=\"icons-list-wrapper\">\r\n\t\t\t\t                        <div class=\"box-item\">\r\n                            <div class=\"martfury-icon-box mf-icon-left\">\r\n                                <div class=\"mf-icon box-icon \">\r\n\t\t\t\t\t\t\t\t\t<i aria-hidden=\"true\" class=\"fas fa-building\"><\/i>                                <\/div>\r\n                                <div class=\"box-wrapper\">\r\n\t\t\t\t\t\t\t\t\t<span class=\"box-title\" >Umsatzsteuer-Identifikationsnummer: NL866032745B01<\/span>                                    <div class=\"desc\">Registrierungsnummer: 92409725<\/div>\r\n                                <\/div>\r\n                            <\/div>\r\n                            <div class=\"separator\"><\/div>\r\n                        <\/div>\r\n\t\t\t\t\t\t                        <div class=\"box-item\">\r\n                            <div class=\"martfury-icon-box mf-icon-left\">\r\n                                <div class=\"mf-icon box-icon \">\r\n\t\t\t\t\t\t\t\t\t<i aria-hidden=\"true\" class=\"fas fa-search-location\"><\/i>                                <\/div>\r\n                                <div class=\"box-wrapper\">\r\n\t\t\t\t\t\t\t\t\t<span class=\"box-title\" >Unsere Niederlassung:<\/span>                                    <div class=\"desc\">Amsterdam: H.J.E. Wenckebachweg 6V3<\/div>\r\n                                <\/div>\r\n                            <\/div>\r\n                            <div class=\"separator\"><\/div>\r\n                        <\/div>\r\n\t\t\t\t\t\t            <\/div>\r\n        <\/div>\r\n\t\t\t\t\t\t<\/div>\n\t\t\t\t<\/div>\n\t\t\t\t<div class=\"elementor-element elementor-element-c1bbca8 elementor-widget elementor-widget-martfury-faqs\" data-id=\"c1bbca8\" data-element_type=\"widget\" data-e-type=\"widget\" data-widget_type=\"martfury-faqs.default\">\n\t\t\t\t<div class=\"elementor-widget-container\">\n\t\t\t\t\t<div class=\"martfury-faq_group\"><div class=\"row\"><div class=\"col-gtitle col-md-3 col-sm-3 col-xs-12\"><h2 class=\"g-title\">H\u00e4ufig gestellte Fragen<\/h2><\/div><div class=\"col-md-9 col-sm-9 col-xs-12\"><div class=\"row\"><div class=\"faq-item\"><div class=\"col-title col-md-5 col-sm-5 col-xs-12\"> <h3 class=\"title\">1. Wie sind die Lieferzeiten in den Benelux-L\u00e4ndern?<\/h3><\/div><div class=\"col-md-7 col-sm-7 col-xs-12\"> <div class=\"desc\">F\u00fcr Lieferungen innerhalb der Benelux-L\u00e4nder (Niederlande, Belgien, Deutschland, Luxemburg und Nordfrankreich) 1-3 Werktage. Pakete, die vorr\u00e4tig sind, werden am selben Arbeitstag vor 16.00 Uhr bearbeitet.<\/div><\/div><\/div><div class=\"faq-item\"><div class=\"col-title col-md-5 col-sm-5 col-xs-12\"> <h3 class=\"title\">2. Von wo aus wird meine Bestellung verschickt?<\/h3><\/div><div class=\"col-md-7 col-sm-7 col-xs-12\"> <div class=\"desc\">Shop4trac versendet Pakete aus seinem eigenen Lager. Dieses Lager befindet sich in Europa und gew\u00e4hrleistet somit schnelle Lieferzeiten. Falls vorr\u00e4tig, erhalten Sie noch am selben Arbeitstag einen Versandcode per E-Mail.  <\/div><\/div><\/div><div class=\"faq-item\"><div class=\"col-title col-md-5 col-sm-5 col-xs-12\"> <h3 class=\"title\">3. Ich m\u00f6chte mein Produkten Retour schicken.. Wie w\u00fcrde das funktionieren?<\/h3><\/div><div class=\"col-md-7 col-sm-7 col-xs-12\"> <div class=\"desc\">Nachdem Sie auf den folgenden Link geklickt haben; <a href=\"https:\/\/shop4trac.shipping-portal.com\/rp\/\" target=\"_blank\" rel=\"nofollow noopener\">https:\/\/shop4trac.shipping-portal.com\/rp\/<\/a> k\u00f6nnen Sie das Paket unter Angabe der Versandnummer und der Postleitzahl zur R\u00fccksendung anmelden.<\/div><\/div><\/div><div class=\"faq-item\"><div class=\"col-title col-md-5 col-sm-5 col-xs-12\"> <h3 class=\"title\">4. Wie viel Zeit habe ich f\u00fcr die R\u00fcckgabe einer Bestellung?<\/h3><\/div><div class=\"col-md-7 col-sm-7 col-xs-12\"> <div class=\"desc\">In der Regel haben Sie 14 Tage nach Erhalt der Ware Zeit, diese zur\u00fcckzusenden. Wenn es l\u00e4nger als 14 Tage dauert, wenden Sie sich an den Kundendienst!<\/div><\/div><\/div><div class=\"faq-item\"><div class=\"col-title col-md-5 col-sm-5 col-xs-12\"> <h3 class=\"title\">4. Welche Zahlungsm\u00f6glichkeiten bieten Sie an?<\/h3><\/div><div class=\"col-md-7 col-sm-7 col-xs-12\"> <div class=\"desc\">Shop4trac arbeitet mit einer sicheren Zahlungsplattform. Von hier aus wurden die bekannten Zahlungssysteme f\u00fcr jedes Land ausgew\u00e4hlt. F\u00fcr die Niederlande sind dies unter anderem: Ideal, Bank\u00fcberweisung und Paypal. F\u00fcr Deutschland ist dies der Fall: Sofort Banking und Paypal. F\u00fcr Belgien Paypal und Bank\u00fcberweisung oder Kreditkarte.<\/div><\/div><\/div><div class=\"faq-item\"><div class=\"col-title col-md-5 col-sm-5 col-xs-12\"> <h3 class=\"title\">6. Ist es sicher, \u00fcber unseren Webshop zu bezahlen?<\/h3><\/div><div class=\"col-md-7 col-sm-7 col-xs-12\"> <div class=\"desc\">Wir arbeiten mit Mollie Payments und Stripe zusammen. Wir garantieren daher die Sicherheit einer Zahlung. Lesen Sie die Allgemeinen Gesch\u00e4ftsbedingungen von Mollie und Stripe f\u00fcr weitere Informationen.<\/div><\/div><\/div><\/div><\/div><\/div><\/div>\t\t\t\t<\/div>\n\t\t\t\t<\/div>\n\t\t\t\t\t<\/div>\n\t\t<\/div>\n\t\t\t\t\t<\/div>\n\t\t<\/section>\n\t\t\t\t<section class=\"elementor-section elementor-top-section elementor-element elementor-element-b9489a8 elementor-section-boxed elementor-section-height-default elementor-section-height-default\" data-id=\"b9489a8\" data-element_type=\"section\" data-e-type=\"section\">\n\t\t\t\t\t\t<div class=\"elementor-container elementor-column-gap-default\">\n\t\t\t\t\t<div class=\"elementor-column elementor-col-100 elementor-top-column elementor-element elementor-element-e3edca2\" data-id=\"e3edca2\" data-element_type=\"column\" data-e-type=\"column\">\n\t\t\t<div class=\"elementor-widget-wrap\">\n\t\t\t\t\t\t\t<\/div>\n\t\t<\/div>\n\t\t\t\t\t<\/div>\n\t\t<\/section>\n\t\t\t\t<\/div>\n\t\t","protected":false},"excerpt":{"rendered":"<p>Sind Sie auf der Suche nach einem bestimmten Produkt oder haben Sie eine Frage? Dann kontaktieren Sie uns. Wir helfen Ihnen gerne! Eine Nachricht senden OR Umsatzsteuer-Identifikationsnummer: NL866032745B01 Registrierungsnummer: 92409725 Unsere Niederlassung: Amsterdam: H.J.E. Wenckebachweg 6V3 H\u00e4ufig gestellte Fragen 1. Wie sind die Lieferzeiten in den Benelux-L\u00e4ndern? F\u00fcr Lieferungen innerhalb der Benelux-L\u00e4nder (Niederlande, Belgien, Deutschland,&hellip;<\/p>\n","protected":false},"author":1,"featured_media":0,"parent":0,"menu_order":0,"comment_status":"closed","ping_status":"closed","template":"","meta":{"footnotes":""},"class_list":["post-20463","page","type-page","status-publish","hentry"],"_links":{"self":[{"href":"https:\/\/shop4trac.com\/de\/wp-json\/wp\/v2\/pages\/20463","targetHints":{"allow":["GET"]}}],"collection":[{"href":"https:\/\/shop4trac.com\/de\/wp-json\/wp\/v2\/pages"}],"about":[{"href":"https:\/\/shop4trac.com\/de\/wp-json\/wp\/v2\/types\/page"}],"author":[{"embeddable":true,"href":"https:\/\/shop4trac.com\/de\/wp-json\/wp\/v2\/users\/1"}],"replies":[{"embeddable":true,"href":"https:\/\/shop4trac.com\/de\/wp-json\/wp\/v2\/comments?post=20463"}],"version-history":[{"count":0,"href":"https:\/\/shop4trac.com\/de\/wp-json\/wp\/v2\/pages\/20463\/revisions"}],"wp:attachment":[{"href":"https:\/\/shop4trac.com\/de\/wp-json\/wp\/v2\/media?parent=20463"}],"curies":[{"name":"wp","href":"https:\/\/api.w.org\/{rel}","templated":true}]}}