{"id":17865,"date":"2020-03-21T17:30:42","date_gmt":"2020-03-21T16:30:42","guid":{"rendered":"https:\/\/shop4trac.com\/agb\/"},"modified":"2026-03-25T16:37:22","modified_gmt":"2026-03-25T15:37:22","slug":"agb","status":"publish","type":"page","link":"https:\/\/shop4trac.com\/de\/agb\/","title":{"rendered":"Allgemeine Bedingungen und Konditionen"},"content":{"rendered":"\t\t<div data-elementor-type=\"wp-page\" data-elementor-id=\"17865\" class=\"elementor elementor-17865 elementor-451\">\n\t\t\t\t\t\t<section class=\"elementor-section elementor-top-section elementor-element elementor-element-77fba2c4 elementor-section-boxed elementor-section-height-default elementor-section-height-default\" data-id=\"77fba2c4\" data-element_type=\"section\" data-e-type=\"section\">\n\t\t\t\t\t\t<div class=\"elementor-container elementor-column-gap-default\">\n\t\t\t\t\t<div class=\"elementor-column elementor-col-100 elementor-top-column elementor-element elementor-element-75d830fb\" data-id=\"75d830fb\" data-element_type=\"column\" data-e-type=\"column\">\n\t\t\t<div class=\"elementor-widget-wrap elementor-element-populated\">\n\t\t\t\t\t\t<div class=\"elementor-element elementor-element-7199fe3 elementor-widget elementor-widget-text-editor\" data-id=\"7199fe3\" data-element_type=\"widget\" data-e-type=\"widget\" data-widget_type=\"text-editor.default\">\n\t\t\t\t<div class=\"elementor-widget-container\">\n\t\t\t\t\t\t\t\t\t<p><strong>Artikel 1: Allgemeines<\/strong><br>1.1 Dies sind die Allgemeinen Verkaufs- und Lieferbedingungen von Snel parts mit Sitz in Amsterdam. Snel parts ist bei der Handelskammer unter der Nummer 72200987 eingetragen.<br>1.2 Diese allgemeinen Verkaufs- und Lieferbedingungen gelten f\u00fcr alle Auftr\u00e4ge, Angebote und Vereinbarungen von Shop4trac.com.<\/p><p><strong>Artikel 2: Bestellen und Zustandekommen eines Vertrages<\/strong><br>2.1 Bestellungen k\u00f6nnen \u00fcber https:\/\/shop4trac.com aufgegeben werden. Sobald die Bestellung abgeschlossen ist, wird eine Best\u00e4tigung per E-Mail versendet.<br>2.2 Durch das Aufgeben einer Bestellung erkl\u00e4rt der K\u00e4ufer sein Einverst\u00e4ndnis mit diesen Bedingungen.<br>2.3 Shop4trac beh\u00e4lt sich das Recht vor, eine Bestellung abzulehnen, falls vors\u00e4tzlich falsche Daten und Informationen angegeben wurden, Zahlungsverzug vorlag oder andere Umst\u00e4nde eintreten, bei denen Shop4trac das finanzielle Risiko f\u00fcr eine Lieferung als zu hoch einsch\u00e4tzt. Die Annahme einer Bestellung kann daher an zus\u00e4tzliche Bedingungen wie Vorauskasse gekn\u00fcpft werden.<br>2.4 Im Falle der vors\u00e4tzlichen Angabe falscher Daten oder jeder anderen Form von Betrugsversuch wird Shop4trac Anzeige bei den Justizbeh\u00f6rden erstatten.<br>2.5 Der Vertrag kommt erst in dem Moment zustande, in dem Shop4trac die Bestellung akzeptiert hat.<br>2.6 Der K\u00e4ufer muss vor dem Abschluss der Bestellung den Inhalt der Bestellung und seine Daten auf Richtigkeit pr\u00fcfen. Aufgrund der Schnelligkeit von Bestellungen und Versand kann Shop4trac m\u00f6glicherweise keine \u00c4nderungen mehr vornehmen.     Kosten, die durch falsche Angaben entstehen, werden an den K\u00e4ufer weitergegeben.<\/p><p><strong>Artikel 3: Preise<\/strong><br>3.1 Die Preise verstehen sich in Euro, inklusive 21 % MwSt., Verwaltungskosten und Versandkosten. Die Versand- und Verwaltungskosten werden pro Bestellung berechnet und h\u00e4ngen vom Gesamtbestellwert ab.<br>3.2 Shop4trac kann seine Preise jederzeit anpassen.  Preis\u00e4nderungen haben keinen Einfluss auf bereits abgeschlossene Vertr\u00e4ge.<\/p><p><strong>Artikel 4: Lieferung<\/strong><br> 4.1 Die Lieferung von Bestellungen, die an Werktagen aufgegeben werden, erfolgt in der Regel innerhalb von 2 Werktagen (sofern auf der entsprechenden Seite angegeben, ob der Artikel vorr\u00e4tig ist). Die Lieferzeit ist ein Richtwert und keine Frist. Artikel, die auf der Website als \u201eNicht vorr\u00e4tig\u201c angezeigt werden, haben eine allgemeine Lieferzeit von 2 bis 6 Arbeitswochen.<br> 4.2 Shop4trac ist verpflichtet, diese Lieferzeit so weit wie m\u00f6glich einzuhalten. Sie kann jedoch nicht f\u00fcr eine \u00dcberschreitung der Lieferfrist haftbar gemacht werden, die zum Zeitpunkt des Vertragsabschlusses vern\u00fcnftigerweise nicht vorhersehbar war. In solchen F\u00e4llen hat Shop4trac das Recht, in Absprache mit dem K\u00e4ufer die Lieferzeit zu verl\u00e4ngern oder den Vertrag zu stornieren.<br>4.3 Shop4trac hat keinen Einfluss auf Verz\u00f6gerungen, die durch den Transporteur verursacht werden, und kann hierf\u00fcr nicht verantwortlich gemacht werden.<br>4.4 Sofern die Lieferung nicht innerhalb einer Frist von 30 Tagen erfolgt, sofern nicht anders vereinbart, ist der K\u00e4ufer danach berechtigt, die Bestellung zu stornieren und bereits geleistete Zahlungen zur\u00fcckzufordern. Bereits gezahlte Betr\u00e4ge werden in diesem Fall innerhalb von 30 Tagen gutgeschrieben.<br>4.5 Wenn eine Sendung verweigert wird, ist Shop4trac berechtigt, die entstandenen Transportkosten dem K\u00e4ufer in Rechnung zu stellen. <\/p><p><strong>Artikel 5: Transport und Risiko<\/strong><br>5.1 Die Art des Transports, des Versands und der Verpackung wird, sofern der K\u00e4ufer Shop4trac keine n\u00e4heren Anweisungen erteilt hat, von uns nach bestem Ermessen festgelegt. Eventuelle spezifische W\u00fcnsche des K\u00e4ufers bez\u00fcglich Transport\/Versand werden nur ausgef\u00fchrt, wenn der K\u00e4ufer erkl\u00e4rt hat, die Mehrkosten daf\u00fcr zu tragen.<br>5.2 Der K\u00e4ufer muss bei der Zustellung des Pakets bei einem der Zusteller f\u00fcr den Empfang des Pakets unterschreiben.<br>5.3 Der K\u00e4ufer muss nach der Zustellung den Inhalt des Pakets kontrollieren. Sollte die Bestellung wider Erwarten unvollst\u00e4ndig oder unrichtig sein, muss der K\u00e4ufer so schnell wie m\u00f6glich und sp\u00e4testens innerhalb von sieben (7) Werktagen nach Erhalt Kontakt per E-Mail unter support@shop4trac.com oder \u00fcber das Kontaktformular auf der Website aufnehmen.<br>5.4 Alle Sendungen werden von Shop4trac mit erh\u00f6hter Haftung verschickt. Das Risiko von Besch\u00e4digung und Verlust einer Sendung an den K\u00e4ufer wird daher von Shop4trac getragen.    Nach Erhalt der Ware durch den K\u00e4ufer geht das Risiko f\u00fcr Besch\u00e4digung und Verlust auf den K\u00e4ufer \u00fcber.<\/p><p><strong>Artikel 6: Zahlung<\/strong><br>6.1 Die Zahlungsm\u00f6glichkeiten sind: Kreditkarte (Visa \u2013 Mastercard); iDeal | Wero; Bank\u00fcberweisung (SEPA); PayPal; und Klarna.<br>6.2 Vorauszahlung kann per Bank oder Giro erfolgen. Bei Zahlung per Bank oder Giro gilt als Zahlungsdatum das Datum der Gutschrift auf dem Giro- bzw. Bankkonto von Shop4trac. Die in Artikel 4 genannte Lieferzeit gilt ab dem Moment, in dem Shop4trac den entsprechenden Betrag auf dem Gesch\u00e4ftskonto erhalten hat.<br>6.3 Shop4trac beh\u00e4lt sich jederzeit das Recht vor, von der vom K\u00e4ufer gew\u00e4hlten Zahlungsart abzuweichen und zus\u00e4tzliche Bedingungen zu stellen.<br>6.4 Wenn der K\u00e4ufer mit einer Zahlung im Verzug ist, ist Shop4trac berechtigt, eventuelle weitere Vertr\u00e4ge auszusetzen oder aufzul\u00f6sen.<br>6.5 Wenn der K\u00e4ufer die Bestellung zu Hause erhalten hat und eine R\u00fcckbuchung bei seiner Bank veranlasst, muss die betreffende Bestellung bereits wieder bei Shop4trac eingegangen sein. Sobald dies nicht der Fall ist, hat Shop4trac die M\u00f6glichkeit, den f\u00e4lligen Betrag dennoch einzuziehen, bis die Bestellung unter Vorbehalt der \u201eR\u00fcckgabebedingungen\u201c eingegangen ist.   <\/p><p><strong>Artikel 7: Eigentumsvorbehalt<\/strong><br> 7.1 Gelieferte Artikel bleiben bis zur vollst\u00e4ndigen Erf\u00fcllung aller Zahlungsverpflichtungen Eigentum von Shop4trac. Die Gefahr f\u00fcr bereits gelieferte Gegenst\u00e4nde geht jedoch bereits zum Zeitpunkt der Lieferung auf den K\u00e4ufer \u00fcber. <\/p><p><strong>Artikel 8: Garantie<\/strong><br>8.1 Die Produkte, die von Shop4trac \u00fcber die Website verkauft werden, fallen alle unter die Werksgarantie der jeweiligen Marken.<br>8.2 Der K\u00e4ufer kann in folgenden F\u00e4llen keinen Anspruch auf Garantie erheben: normaler Verschlei\u00df; unsachgem\u00e4\u00dfer Gebrauch und\/oder Nichtbeachtung der Gebrauchsanweisung; es wurden \u00c4nderungen am Artikel vorgenommen; Sch\u00e4den infolge von Vorsatz oder grober Fahrl\u00e4ssigkeit; der K\u00e4ufer und\/oder vom K\u00e4ufer beauftragte Dritte haben w\u00e4hrend der Garantiezeit eigenm\u00e4chtig Reparaturen an den gelieferten Waren durchgef\u00fchrt.<br>8.3 Der K\u00e4ufer ist verpflichtet, Shop4trac \u00fcber seinen Anspruch zu informieren, bevor er den betreffenden Artikel zur\u00fcckschickt. Die Kosten f\u00fcr den Versand im Garantiefall gehen zu Lasten von Shop4trac, sofern die richtige Antwortnummer verwendet wird. Hierbei ist Folgendes zu beachten: Eine Garantienummer muss innerhalb der angegebenen Garantiezeit beantragt werden; das Produkt muss innerhalb von f\u00fcnf (5) Werktagen nach Vergabe der Garantienummer versendet werden; der Artikel, der unter die Garantie f\u00e4llt, muss bei der R\u00fccksendung gut verpackt sein, um Sch\u00e4den zu vermeiden. Der Artikel, der unter die Garantie f\u00e4llt, muss bei der R\u00fccksendung gut verpackt und versendet werden, um Sch\u00e4den zu vermeiden; die R\u00fccksendung muss eine Problembeschreibung, die Garantienummer, die Daten des K\u00e4ufers und eine Kopie der Rechnung enthalten; Probleme beim Versand durch das Transportunternehmen, das die Sendung an Shop4trac zustellt, gehen zu Lasten des K\u00e4ufers.<br>8.4 Die Garantie erlischt, wenn der K\u00e4ufer seiner Zahlungsverpflichtung nicht nachgekommen ist.<br>8.5 Die Haftung von Shop4Trac f\u00fcr Sch\u00e4den ist auf den Betrag des Kaufpreises des betreffenden Produkts begrenzt. Shop4Trac haftet nicht f\u00fcr indirekte Sch\u00e4den oder Folgesch\u00e4den, wie entgangenen Gewinn oder entgangene Einsparungen. Nichts in diesen Bedingungen beeintr\u00e4chtigt die gesetzlichen Rechte des Verbrauchers in Bezug auf die gesetzliche Konformit\u00e4tsgarantie oder die Haftung von Shop4Trac f\u00fcr Vorsatz, grobe Fahrl\u00e4ssigkeit oder Personensch\u00e4den.     <\/p><p><strong>Artikel 9: R\u00fcckgabe<\/strong><br>9.1 Der K\u00e4ufer hat das Recht, den Vertrag innerhalb von vierzehn (14) Werktagen nach Erhalt ohne Angabe von Gr\u00fcnden zu widerrufen. Der K\u00e4ufer muss f\u00fcr die R\u00fcckgabe eine R\u00fccksendenummer beantragen.<br>9.2 Nach Vergabe einer R\u00fccksendenummer muss der K\u00e4ufer die Bestellung innerhalb von f\u00fcnf (5) Werktagen zur\u00fccksenden.<br>9.3 Artikel m\u00fcssen unbenutzt, vollst\u00e4ndig, unbesch\u00e4digt und in der Originalverpackung sein, sofern von Shop4Trac nicht anders angegeben. Von der R\u00fcckgabe ausgeschlossen sind Artikel, die vom K\u00e4ufer mit pers\u00f6nlichen Gravuren, angepassten Farben oder anderen nicht standardm\u00e4\u00dfigen Bearbeitungen bestellt wurden.<br>9.4 Eine R\u00fccksendung muss immer per Einschreiben erfolgen, ausreichend frankiert und gut verpackt sein. Die Versandkosten gehen zu Lasten des K\u00e4ufers.<br>9.5 Erhaltene Zahlungen werden innerhalb von 14 Tagen nach der R\u00fcckmeldung zur\u00fcckerstattet, unter Abzug entstandener Kosten wie Verwaltungskosten, Bearbeitungskosten und Reinigungskosten, falls Shop4Trac entscheidet, einen gebrauchten Artikel zu akzeptieren. Shop4Trac beh\u00e4lt sich das Recht vor, eine R\u00fcckzahlung einzubehalten, bis nachgewiesen ist, dass der Artikel oder die Artikel an der angegebenen R\u00fccksendeadresse angekommen sind. Wenn nur ein Teil einer Bestellung zur\u00fcckgegeben wird, gehen die Versandkosten der urspr\u00fcnglichen Sendung immer zu Lasten des K\u00e4ufers.     <\/p><p><strong>Artikel 10: Produktinformationen<\/strong><br>10.1 Shop4trac widmet der Informationsbereitstellung der angebotenen Produkte gro\u00dfe Sorgfalt. Shop4trac haftet jedoch nicht f\u00fcr von ihr bereitgestellte unrichtige Spezifikationen und\/oder andere Bezeichnungen der Artikel.<br>10.2 Gezeigte Abbildungen gelten nur ann\u00e4hernd und k\u00f6nnen vom tats\u00e4chlichen Produkt abweichen.  Abweichende Bilder k\u00f6nnen kein Grund f\u00fcr eine Entsch\u00e4digung und\/oder die Aufl\u00f6sung des Verkaufs sein.<\/p><p><strong>Artikel 11: Datenschutz<\/strong><br> 11.1 Shop4trac legt gro\u00dfen Wert auf die Privatsph\u00e4re seiner Kunden. Alle personenbezogenen Daten werden daher mit Sorgfalt behandelt. Dabei werden alle f\u00fcr personenbezogene Daten geltenden gesetzlichen Bestimmungen strikt eingehalten. Shop4trac nutzt die vom K\u00e4ufer mitgeteilten personenbezogenen Daten zur Abwicklung von Bestellungen und, sofern der K\u00e4ufer hierzu seine Einwilligung erteilt hat, zu Marketingzwecken.<br> 11.2 Personenbezogene Daten werden von Shop4trac ohne Zustimmung des K\u00e4ufers nicht an Dritte weitergegeben, es sei denn, dies ist zur Zahlungsabwicklung erforderlich.<br> 11.3 Personenbezogene Daten k\u00f6nnen auf Wunsch des K\u00e4ufers ge\u00e4ndert werden.   <\/p><p><strong>Artikel 12: Streitigkeiten<\/strong><br>12.1 Beschwerden m\u00fcssen innerhalb einer angemessenen Frist deutlich per E-Mail an support@shop4trac.com eingereicht werden. Shop4Trac wird innerhalb von 14 Tagen antworten.<br>12.2 Auf diese Bedingungen findet niederl\u00e4ndisches Recht Anwendung.<br>12.3 Alle Streitigkeiten zwischen den Parteien werden ausschlie\u00dflich dem zust\u00e4ndigen Gericht in den Niederlanden vorgelegt. <\/p>\t\t\t\t\t\t\t\t<\/div>\n\t\t\t\t<\/div>\n\t\t\t\t\t<\/div>\n\t\t<\/div>\n\t\t\t\t\t<\/div>\n\t\t<\/section>\n\t\t\t\t<\/div>\n\t\t","protected":false},"excerpt":{"rendered":"<p>Artikel 1: Allgemeines1.1 Dies sind die Allgemeinen Verkaufs- und Lieferbedingungen von Snel parts mit Sitz in Amsterdam. Snel parts ist bei der Handelskammer unter der Nummer 72200987 eingetragen.1.2 Diese allgemeinen Verkaufs- und Lieferbedingungen gelten f\u00fcr alle Auftr\u00e4ge, Angebote und Vereinbarungen von Shop4trac.com. Artikel 2: Bestellen und Zustandekommen eines Vertrages2.1 Bestellungen k\u00f6nnen \u00fcber https:\/\/shop4trac.com aufgegeben werden.&hellip;<\/p>\n","protected":false},"author":1,"featured_media":0,"parent":0,"menu_order":0,"comment_status":"closed","ping_status":"open","template":"","meta":{"footnotes":""},"class_list":["post-17865","page","type-page","status-publish","hentry"],"_links":{"self":[{"href":"https:\/\/shop4trac.com\/de\/wp-json\/wp\/v2\/pages\/17865","targetHints":{"allow":["GET"]}}],"collection":[{"href":"https:\/\/shop4trac.com\/de\/wp-json\/wp\/v2\/pages"}],"about":[{"href":"https:\/\/shop4trac.com\/de\/wp-json\/wp\/v2\/types\/page"}],"author":[{"embeddable":true,"href":"https:\/\/shop4trac.com\/de\/wp-json\/wp\/v2\/users\/1"}],"replies":[{"embeddable":true,"href":"https:\/\/shop4trac.com\/de\/wp-json\/wp\/v2\/comments?post=17865"}],"version-history":[{"count":0,"href":"https:\/\/shop4trac.com\/de\/wp-json\/wp\/v2\/pages\/17865\/revisions"}],"wp:attachment":[{"href":"https:\/\/shop4trac.com\/de\/wp-json\/wp\/v2\/media?parent=17865"}],"curies":[{"name":"wp","href":"https:\/\/api.w.org\/{rel}","templated":true}]}}